{"id":4498,"date":"2014-01-20T13:54:27","date_gmt":"2014-01-20T11:54:27","guid":{"rendered":"http:\/\/www.eximagent.eu\/lt\/?page_id=4498"},"modified":"2015-11-20T15:30:30","modified_gmt":"2015-11-20T13:30:30","slug":"about","status":"publish","type":"page","link":"https:\/\/www.eximagent.eu\/lt\/about\/","title":{"rendered":"Apie"},"content":{"rendered":"<div class=\"wpb-content-wrapper\"><p>[vc_row][vc_column][vc_column_text css_animation_speed=&#8221;faster&#8221; css_animation_delay=&#8221;0&#8243;]<\/p>\n<h2>Exim agent tai profesionalas, kurio reikia J\u016bs\u0173 \u012fmonei, jeigu j\u016bs ie\u0161kote u\u017esienio pirk\u0117j\u0173 ar tiek\u0117j\u0173 automobili\u0173 ir j\u0173 dali\u0173, maisto ir g\u0117rim\u0173, \u017eem\u0117s \u016bkio produkt\u0173, mados, turizmo sferose.<\/h2>\n<p>[\/vc_column_text][vc_column_text]<img loading=\"lazy\" decoding=\"async\" class=\"aligncenter wp-image-4459\" src=\"https:\/\/www.eximagent.eu\/cms\/files\/2014\/01\/working-schema.png\" alt=\"working-schema\" width=\"500\" height=\"501\" srcset=\"https:\/\/www.eximagent.eu\/cms\/files\/2014\/01\/working-schema.png 815w, https:\/\/www.eximagent.eu\/cms\/files\/2014\/01\/working-schema-150x150.png 150w, https:\/\/www.eximagent.eu\/cms\/files\/2014\/01\/working-schema-300x300.png 300w\" sizes=\"auto, (max-width: 500px) 100vw, 500px\" \/>[\/vc_column_text][vc_row_inner][vc_column_inner width=&#8221;1\/2&#8243;][vc_column_text css_animation_speed=&#8221;faster&#8221; css_animation_delay=&#8221;0&#8243;]<\/p>\n<h3>Perspektyva<\/h3>\n<p>J\u016bs ie\u0161kote importo ar eksporto vadybininko savo komandai?<\/p>\n<p>Exim agent atstovauja ir dirba \u012fmon\u0117ms kaip didmeninio pirkimo arba pardavimo vadybininkas Lietuvos, Graikijos, Baltijos \u0161ali\u0173, Baltarusijos ir Ukrainos rinkose.<\/p>\n<p>Su Exim agent pagalba J\u016bs galite prad\u0117ti tiesiogin\u012f eksport\u0105 ir import\u0105, u\u017etikrinant maksimali\u0105 naud\u0105 ir ilgalaik\u012f augim\u0105 J\u016bs\u0173 \u012fmonei.[\/vc_column_text][\/vc_column_inner][vc_column_inner width=&#8221;1\/2&#8243;][vc_column_text css_animation_speed=&#8221;faster&#8221; css_animation_delay=&#8221;0&#8243;]<\/p>\n<h3>Privalumai<\/h3>\n<ul>\n<li>\u012egaliotas eksporto ir importo agentas\u00a0 pad\u0117s Jums vykdyti pardavimus, pirkimus ir transportavim\u0105 \u012f arba i\u0161 kitos u\u017esienio \u0161alies. Agentas dirbs kaip \u012fmon\u0117s darbuotojas be atlyginimo ir darbo vietos i\u0161laikymo m\u0117nesini\u0173 i\u0161laid\u0173. J\u016bs sumok\u0117site agentui sutartus komisinius, tik jei sandoris yra baigtas ir mok\u0117jimas u\u017e prekes ir paslaugas \u012fvykdytas.\u00a0 Komisinio mokes\u010dio dydis da\u017eniausiai kinta nuo 2.5%\u00a0 iki 15% sandorio vert\u0117s, priklausomai nuo produkto ir metini\u0173 kieki\u0173.<\/li>\n<li>Eksporto ir importo agentas vykdys J\u016bs\u0173 u\u017esibr\u0117\u017etus tikslus ir Jums nereik\u0117s kurti biuro kitose \u0161alyse, \u012fdarbinti\u00a0 ir apmokyti\u00a0 nauj\u0173 darbuotoj\u0173.<\/li>\n<li>Jeigu J\u016bs\u0173 \u012fmon\u0117 ma\u017ea ar vidutinio dyd\u017eio, J\u016bs galite vystyti versl\u0105 u\u017esienio \u0161alyse be papildom\u0173 dideli\u0173 i\u0161laid\u0173. Eksporto ir importo agentas pristatys Jus u\u017esienio \u0161ali\u0173 klientams ir suma\u017eins J\u016bs\u0173 i\u0161laidas.<\/li>\n<li>Exim agentas -teisingas ir patikimas partneris, kuris gali tapti pagrindiniu s\u0117km\u0117s faktoriumi darbui kitoje \u0161alyje.\u00a0 Agentas kalba \u012fvairiomis kalbomis,\u00a0 supranta politin\u0119 situacij\u0105, mentalitet\u0105 ir gali priimti teising\u0105 sprendim\u0105, remdamasis savo asmenine patirtimi ir \u017einiomis rinkoje, kuri Jus domina. Agentas pasidalins su Jumis\u00a0 savo informacija ir kontaktais kitoje \u0161alyje.<br \/>\nEksporto ir importo agentas\u00a0 daug lengviau identifikuos naujas galimybes u\u017esienio \u0161alyse ir jas i\u0161naudos. Jis kontroliuos J\u016bs\u0173 produkt\u0105, jo kain\u0105 bei prekinio \u017eenklo \u012fvaizd\u012f , nes J\u016bs\u0173 \u012fmon\u0117s ir agento tikslai rinkoje tokie pat.<\/li>\n<li>Nors \u012fmon\u0117 i\u0161lieka atsakinga u\u017e transportavim\u0105, muitin\u0117s proced\u016bras, dokument\u0173 ruo\u0161im\u0105, susijusi\u0173 mokes\u010di\u0173 administravim\u0105,\u00a0 agentas turi patirties sprend\u017eiant\u00a0 \u0161iuos klausimus ir Jus konsultuos.<\/li>\n<\/ul>\n<p>[\/vc_column_text][\/vc_column_inner][\/vc_row_inner][\/vc_column][\/vc_row]<\/p>\n<\/div>","protected":false},"excerpt":{"rendered":"<p>[vc_row][vc_column][vc_column_text css_animation_speed=&#8221;faster&#8221; css_animation_delay=&#8221;0&#8243;] Exim agent tai profesionalas, kurio reikia J\u016bs\u0173 \u012fmonei, jeigu j\u016bs ie\u0161kote u\u017esienio pirk\u0117j\u0173 ar tiek\u0117j\u0173 automobili\u0173 ir j\u0173 dali\u0173, maisto ir g\u0117rim\u0173, \u017eem\u0117s \u016bkio produkt\u0173, mados, turizmo sferose. [\/vc_column_text][vc_column_text][\/vc_column_text][vc_row_inner][vc_column_inner width=&#8221;1\/2&#8243;][vc_column_text css_animation_speed=&#8221;faster&#8221; css_animation_delay=&#8221;0&#8243;] Perspektyva J\u016bs ie\u0161kote importo ar eksporto vadybininko savo komandai? Exim agent atstovauja ir dirba \u012fmon\u0117ms kaip didmeninio pirkimo arba pardavimo [&hellip;]<\/p>\n","protected":false},"author":4,"featured_media":0,"parent":0,"menu_order":0,"comment_status":"closed","ping_status":"closed","template":"","meta":{"footnotes":""},"class_list":["post-4498","page","type-page","status-publish","hentry"],"yoast_head":"<!-- This site is optimized with the Yoast SEO plugin v27.0 - https:\/\/yoast.com\/product\/yoast-seo-wordpress\/ -->\n<title>Apie - EXIM Agent<\/title>\n<meta name=\"description\" content=\"Exim agent tai profesionalas, kurio reikia J\u016bs\u0173 \u012fmonei, jeigu j\u016bs ie\u0161kote u\u017esienio pirk\u0117j\u0173 ar tiek\u0117j\u0173 automobili\u0173 ir j\u0173 dali\u0173, maisto ir g\u0117rim\u0173, \u017eem\u0117s \u016bkio produkt\u0173, mados, turizmo sferose.\" \/>\n<meta name=\"robots\" content=\"index, follow, max-snippet:-1, max-image-preview:large, max-video-preview:-1\" \/>\n<link rel=\"canonical\" href=\"https:\/\/www.eximagent.eu\/lt\/about\/\" \/>\n<meta property=\"og:locale\" content=\"lt_LT\" \/>\n<meta property=\"og:type\" content=\"article\" \/>\n<meta property=\"og:title\" content=\"Apie - EXIM Agent\" \/>\n<meta property=\"og:description\" content=\"Exim agent tai profesionalas, kurio reikia J\u016bs\u0173 \u012fmonei, jeigu j\u016bs ie\u0161kote u\u017esienio pirk\u0117j\u0173 ar tiek\u0117j\u0173 automobili\u0173 ir j\u0173 dali\u0173, maisto ir g\u0117rim\u0173, \u017eem\u0117s \u016bkio produkt\u0173, mados, turizmo sferose.\" \/>\n<meta property=\"og:url\" content=\"https:\/\/www.eximagent.eu\/lt\/about\/\" \/>\n<meta property=\"og:site_name\" content=\"EXIM Agent\" \/>\n<meta property=\"article:publisher\" content=\"https:\/\/www.facebook.com\/EXIM-agent-924956334261970\" \/>\n<meta property=\"article:modified_time\" content=\"2015-11-20T13:30:30+00:00\" \/>\n<meta property=\"og:image\" content=\"https:\/\/www.eximagent.eu\/cms\/files\/2014\/01\/working-schema.png\" \/>\n<meta name=\"twitter:card\" content=\"summary_large_image\" \/>\n<meta name=\"twitter:label1\" content=\"Est. reading time\" \/>\n\t<meta name=\"twitter:data1\" content=\"2 minutes\" \/>\n<script type=\"application\/ld+json\" class=\"yoast-schema-graph\">{\"@context\":\"https:\/\/schema.org\",\"@graph\":[{\"@type\":\"WebPage\",\"@id\":\"https:\/\/www.eximagent.eu\/lt\/about\/\",\"url\":\"https:\/\/www.eximagent.eu\/lt\/about\/\",\"name\":\"Apie - EXIM Agent\",\"isPartOf\":{\"@id\":\"https:\/\/www.eximagent.eu\/#website\"},\"primaryImageOfPage\":{\"@id\":\"https:\/\/www.eximagent.eu\/lt\/about\/#primaryimage\"},\"image\":{\"@id\":\"https:\/\/www.eximagent.eu\/lt\/about\/#primaryimage\"},\"thumbnailUrl\":\"https:\/\/www.eximagent.eu\/cms\/files\/2014\/01\/working-schema.png\",\"datePublished\":\"2014-01-20T11:54:27+00:00\",\"dateModified\":\"2015-11-20T13:30:30+00:00\",\"description\":\"Exim agent tai profesionalas, kurio reikia J\u016bs\u0173 \u012fmonei, jeigu j\u016bs ie\u0161kote u\u017esienio pirk\u0117j\u0173 ar tiek\u0117j\u0173 automobili\u0173 ir j\u0173 dali\u0173, maisto ir g\u0117rim\u0173, \u017eem\u0117s \u016bkio produkt\u0173, mados, turizmo sferose.\",\"breadcrumb\":{\"@id\":\"https:\/\/www.eximagent.eu\/lt\/about\/#breadcrumb\"},\"inLanguage\":\"lt\",\"potentialAction\":[{\"@type\":\"ReadAction\",\"target\":[\"https:\/\/www.eximagent.eu\/lt\/about\/\"]}]},{\"@type\":\"ImageObject\",\"inLanguage\":\"lt\",\"@id\":\"https:\/\/www.eximagent.eu\/lt\/about\/#primaryimage\",\"url\":\"https:\/\/www.eximagent.eu\/cms\/files\/2014\/01\/working-schema.png\",\"contentUrl\":\"https:\/\/www.eximagent.eu\/cms\/files\/2014\/01\/working-schema.png\"},{\"@type\":\"BreadcrumbList\",\"@id\":\"https:\/\/www.eximagent.eu\/lt\/about\/#breadcrumb\",\"itemListElement\":[{\"@type\":\"ListItem\",\"position\":1,\"name\":\"Home\",\"item\":\"https:\/\/www.eximagent.eu\/lt\/\"},{\"@type\":\"ListItem\",\"position\":2,\"name\":\"Apie\"}]},{\"@type\":\"WebSite\",\"@id\":\"https:\/\/www.eximagent.eu\/#website\",\"url\":\"https:\/\/www.eximagent.eu\/\",\"name\":\"EXIM Agent\",\"description\":\"Import Export Agent\",\"potentialAction\":[{\"@type\":\"SearchAction\",\"target\":{\"@type\":\"EntryPoint\",\"urlTemplate\":\"https:\/\/www.eximagent.eu\/?s={search_term_string}\"},\"query-input\":{\"@type\":\"PropertyValueSpecification\",\"valueRequired\":true,\"valueName\":\"search_term_string\"}}],\"inLanguage\":\"lt\"}]}<\/script>\n<!-- \/ Yoast SEO plugin. -->","yoast_head_json":{"title":"Apie - EXIM Agent","description":"Exim agent tai profesionalas, kurio reikia J\u016bs\u0173 \u012fmonei, jeigu j\u016bs ie\u0161kote u\u017esienio pirk\u0117j\u0173 ar tiek\u0117j\u0173 automobili\u0173 ir j\u0173 dali\u0173, maisto ir g\u0117rim\u0173, \u017eem\u0117s \u016bkio produkt\u0173, mados, turizmo sferose.","robots":{"index":"index","follow":"follow","max-snippet":"max-snippet:-1","max-image-preview":"max-image-preview:large","max-video-preview":"max-video-preview:-1"},"canonical":"https:\/\/www.eximagent.eu\/lt\/about\/","og_locale":"lt_LT","og_type":"article","og_title":"Apie - EXIM Agent","og_description":"Exim agent tai profesionalas, kurio reikia J\u016bs\u0173 \u012fmonei, jeigu j\u016bs ie\u0161kote u\u017esienio pirk\u0117j\u0173 ar tiek\u0117j\u0173 automobili\u0173 ir j\u0173 dali\u0173, maisto ir g\u0117rim\u0173, \u017eem\u0117s \u016bkio produkt\u0173, mados, turizmo sferose.","og_url":"https:\/\/www.eximagent.eu\/lt\/about\/","og_site_name":"EXIM Agent","article_publisher":"https:\/\/www.facebook.com\/EXIM-agent-924956334261970","article_modified_time":"2015-11-20T13:30:30+00:00","og_image":[{"url":"https:\/\/www.eximagent.eu\/cms\/files\/2014\/01\/working-schema.png","type":"","width":"","height":""}],"twitter_card":"summary_large_image","twitter_misc":{"Est. reading time":"2 minutes"},"schema":{"@context":"https:\/\/schema.org","@graph":[{"@type":"WebPage","@id":"https:\/\/www.eximagent.eu\/lt\/about\/","url":"https:\/\/www.eximagent.eu\/lt\/about\/","name":"Apie - EXIM Agent","isPartOf":{"@id":"https:\/\/www.eximagent.eu\/#website"},"primaryImageOfPage":{"@id":"https:\/\/www.eximagent.eu\/lt\/about\/#primaryimage"},"image":{"@id":"https:\/\/www.eximagent.eu\/lt\/about\/#primaryimage"},"thumbnailUrl":"https:\/\/www.eximagent.eu\/cms\/files\/2014\/01\/working-schema.png","datePublished":"2014-01-20T11:54:27+00:00","dateModified":"2015-11-20T13:30:30+00:00","description":"Exim agent tai profesionalas, kurio reikia J\u016bs\u0173 \u012fmonei, jeigu j\u016bs ie\u0161kote u\u017esienio pirk\u0117j\u0173 ar tiek\u0117j\u0173 automobili\u0173 ir j\u0173 dali\u0173, maisto ir g\u0117rim\u0173, \u017eem\u0117s \u016bkio produkt\u0173, mados, turizmo sferose.","breadcrumb":{"@id":"https:\/\/www.eximagent.eu\/lt\/about\/#breadcrumb"},"inLanguage":"lt","potentialAction":[{"@type":"ReadAction","target":["https:\/\/www.eximagent.eu\/lt\/about\/"]}]},{"@type":"ImageObject","inLanguage":"lt","@id":"https:\/\/www.eximagent.eu\/lt\/about\/#primaryimage","url":"https:\/\/www.eximagent.eu\/cms\/files\/2014\/01\/working-schema.png","contentUrl":"https:\/\/www.eximagent.eu\/cms\/files\/2014\/01\/working-schema.png"},{"@type":"BreadcrumbList","@id":"https:\/\/www.eximagent.eu\/lt\/about\/#breadcrumb","itemListElement":[{"@type":"ListItem","position":1,"name":"Home","item":"https:\/\/www.eximagent.eu\/lt\/"},{"@type":"ListItem","position":2,"name":"Apie"}]},{"@type":"WebSite","@id":"https:\/\/www.eximagent.eu\/#website","url":"https:\/\/www.eximagent.eu\/","name":"EXIM Agent","description":"Import Export Agent","potentialAction":[{"@type":"SearchAction","target":{"@type":"EntryPoint","urlTemplate":"https:\/\/www.eximagent.eu\/?s={search_term_string}"},"query-input":{"@type":"PropertyValueSpecification","valueRequired":true,"valueName":"search_term_string"}}],"inLanguage":"lt"}]}},"_links":{"self":[{"href":"https:\/\/www.eximagent.eu\/lt\/wp-json\/wp\/v2\/pages\/4498","targetHints":{"allow":["GET"]}}],"collection":[{"href":"https:\/\/www.eximagent.eu\/lt\/wp-json\/wp\/v2\/pages"}],"about":[{"href":"https:\/\/www.eximagent.eu\/lt\/wp-json\/wp\/v2\/types\/page"}],"author":[{"embeddable":true,"href":"https:\/\/www.eximagent.eu\/lt\/wp-json\/wp\/v2\/users\/4"}],"replies":[{"embeddable":true,"href":"https:\/\/www.eximagent.eu\/lt\/wp-json\/wp\/v2\/comments?post=4498"}],"version-history":[{"count":0,"href":"https:\/\/www.eximagent.eu\/lt\/wp-json\/wp\/v2\/pages\/4498\/revisions"}],"wp:attachment":[{"href":"https:\/\/www.eximagent.eu\/lt\/wp-json\/wp\/v2\/media?parent=4498"}],"curies":[{"name":"wp","href":"https:\/\/api.w.org\/{rel}","templated":true}]}}