{"id":4501,"date":"2015-10-19T15:50:44","date_gmt":"2015-10-19T12:50:44","guid":{"rendered":"http:\/\/www.eximagent.eu\/lt\/?page_id=4501"},"modified":"2020-07-16T22:11:18","modified_gmt":"2020-07-16T19:11:18","slug":"agents","status":"publish","type":"page","link":"https:\/\/www.eximagent.eu\/lt\/agents\/","title":{"rendered":"Agentai"},"content":{"rendered":"<h2>LAURA KAIKARYTE-MOYSIDOU<\/h2>\n<p><strong>Kalbos:<\/strong> Lietuvi\u0173, Rus\u0173, Angl\u0173, Graik\u0173<\/p>\n<p><strong>Gyvena,-o \u0161alyse:<\/strong> Lietuva, Graikija<\/p>\n<p><strong>Patirtis dirbant su \u012fmon\u0117mis \u0161alyse:<\/strong> Italijoje, Vokietijoje, Nyderlanduose, Austrijoje, Lietuvoje, Latvijoje, Estijoje, Lenkijoje, Rusijoje, Baltarusijoje, Ukrainoje, Moldovoje, Kazachstane, Kinijoje, Brazilijoje, Egipte, JAV.<\/p>\n<p><strong>Darbo patirtis: <\/strong><\/p>\n<ul>\n<li>5 metus direktor\u0117 tarptautin\u0117s prekybos \u012fmon\u0117je<\/li>\n<li>8 metus u\u017esienio prekybos vadov\u0117 (aftermarket automobili\u0173 dalys ir distribucija)<\/li>\n<li>1 metus krovini\u0173 perve\u017eimo vadybinink\u0117 (\u017eem\u0117s, oro, j\u016bros transportas ir perve\u017eimai)<\/li>\n<li>4 metus pardavim\u0173 vadybinink\u0117 ir administrator\u0117 (importas, didmenin\u0117 ir ma\u017emenin\u0117 prekyba atsargin\u0117mis automobili\u0173 dalimis)<\/li>\n<\/ul>\n<p><strong>\u012evertinimai:<\/strong> Stipriausi vadovai Lietuvoje 2012, 2013, 2014 Creditinfo Lietuva<\/p>\n<p><strong>I\u0161silavinimas:<\/strong> MBA, Chemijos moksl\u0173 bakalauras, muzikinis i\u0161silavinimas<\/p>\n<p><strong>Licenzijos:<\/strong><\/p>\n<ul>\n<li>Muitin\u0117s tarpininko atstovo pa\u017eym\u0117jimas Nr. 001835, i\u0161duotas muitin\u0117s mokymo centro<\/li>\n<li>Kelioni\u0173 agento licencija Nr. KA-149<\/li>\n<\/ul>\n","protected":false},"excerpt":{"rendered":"<p>LAURA KAIKARYTE-MOYSIDOU Kalbos: Lietuvi\u0173, Rus\u0173, Angl\u0173, Graik\u0173 Gyvena,-o \u0161alyse: Lietuva, Graikija Patirtis dirbant su \u012fmon\u0117mis \u0161alyse: Italijoje, Vokietijoje, Nyderlanduose, Austrijoje, Lietuvoje, Latvijoje, Estijoje, Lenkijoje, Rusijoje, Baltarusijoje, Ukrainoje, Moldovoje, Kazachstane, Kinijoje, Brazilijoje, Egipte, JAV. Darbo patirtis: 5 metus direktor\u0117 tarptautin\u0117s prekybos \u012fmon\u0117je 8 metus u\u017esienio prekybos vadov\u0117 (aftermarket automobili\u0173 dalys ir distribucija) 1 metus krovini\u0173 perve\u017eimo [&hellip;]<\/p>\n","protected":false},"author":4,"featured_media":0,"parent":0,"menu_order":0,"comment_status":"closed","ping_status":"closed","template":"","meta":{"footnotes":""},"class_list":["post-4501","page","type-page","status-publish","hentry"],"yoast_head":"<!-- This site is optimized with the Yoast SEO plugin v27.0 - https:\/\/yoast.com\/product\/yoast-seo-wordpress\/ -->\n<title>Agentai - EXIM Agent<\/title>\n<meta name=\"description\" content=\"Exim Agent Agentai\" \/>\n<meta name=\"robots\" content=\"index, follow, max-snippet:-1, max-image-preview:large, max-video-preview:-1\" \/>\n<link rel=\"canonical\" href=\"https:\/\/www.eximagent.eu\/lt\/agents\/\" \/>\n<meta property=\"og:locale\" content=\"lt_LT\" \/>\n<meta property=\"og:type\" content=\"article\" \/>\n<meta property=\"og:title\" content=\"Agentai - EXIM Agent\" \/>\n<meta property=\"og:description\" content=\"Exim Agent Agentai\" \/>\n<meta property=\"og:url\" content=\"https:\/\/www.eximagent.eu\/lt\/agents\/\" \/>\n<meta property=\"og:site_name\" content=\"EXIM Agent\" \/>\n<meta property=\"article:publisher\" content=\"https:\/\/www.facebook.com\/EXIM-agent-924956334261970\" \/>\n<meta property=\"article:modified_time\" content=\"2020-07-16T19:11:18+00:00\" \/>\n<meta name=\"twitter:card\" content=\"summary_large_image\" \/>\n<meta name=\"twitter:label1\" content=\"Est. reading time\" \/>\n\t<meta name=\"twitter:data1\" content=\"1 minute\" \/>\n<script type=\"application\/ld+json\" class=\"yoast-schema-graph\">{\"@context\":\"https:\/\/schema.org\",\"@graph\":[{\"@type\":\"WebPage\",\"@id\":\"https:\/\/www.eximagent.eu\/lt\/agents\/\",\"url\":\"https:\/\/www.eximagent.eu\/lt\/agents\/\",\"name\":\"Agentai - EXIM Agent\",\"isPartOf\":{\"@id\":\"https:\/\/www.eximagent.eu\/#website\"},\"datePublished\":\"2015-10-19T12:50:44+00:00\",\"dateModified\":\"2020-07-16T19:11:18+00:00\",\"description\":\"Exim Agent Agentai\",\"breadcrumb\":{\"@id\":\"https:\/\/www.eximagent.eu\/lt\/agents\/#breadcrumb\"},\"inLanguage\":\"lt\",\"potentialAction\":[{\"@type\":\"ReadAction\",\"target\":[\"https:\/\/www.eximagent.eu\/lt\/agents\/\"]}]},{\"@type\":\"BreadcrumbList\",\"@id\":\"https:\/\/www.eximagent.eu\/lt\/agents\/#breadcrumb\",\"itemListElement\":[{\"@type\":\"ListItem\",\"position\":1,\"name\":\"Home\",\"item\":\"https:\/\/www.eximagent.eu\/lt\/\"},{\"@type\":\"ListItem\",\"position\":2,\"name\":\"Agentai\"}]},{\"@type\":\"WebSite\",\"@id\":\"https:\/\/www.eximagent.eu\/#website\",\"url\":\"https:\/\/www.eximagent.eu\/\",\"name\":\"EXIM Agent\",\"description\":\"Import Export Agent\",\"potentialAction\":[{\"@type\":\"SearchAction\",\"target\":{\"@type\":\"EntryPoint\",\"urlTemplate\":\"https:\/\/www.eximagent.eu\/?s={search_term_string}\"},\"query-input\":{\"@type\":\"PropertyValueSpecification\",\"valueRequired\":true,\"valueName\":\"search_term_string\"}}],\"inLanguage\":\"lt\"}]}<\/script>\n<!-- \/ Yoast SEO plugin. -->","yoast_head_json":{"title":"Agentai - EXIM Agent","description":"Exim Agent Agentai","robots":{"index":"index","follow":"follow","max-snippet":"max-snippet:-1","max-image-preview":"max-image-preview:large","max-video-preview":"max-video-preview:-1"},"canonical":"https:\/\/www.eximagent.eu\/lt\/agents\/","og_locale":"lt_LT","og_type":"article","og_title":"Agentai - EXIM Agent","og_description":"Exim Agent Agentai","og_url":"https:\/\/www.eximagent.eu\/lt\/agents\/","og_site_name":"EXIM Agent","article_publisher":"https:\/\/www.facebook.com\/EXIM-agent-924956334261970","article_modified_time":"2020-07-16T19:11:18+00:00","twitter_card":"summary_large_image","twitter_misc":{"Est. reading time":"1 minute"},"schema":{"@context":"https:\/\/schema.org","@graph":[{"@type":"WebPage","@id":"https:\/\/www.eximagent.eu\/lt\/agents\/","url":"https:\/\/www.eximagent.eu\/lt\/agents\/","name":"Agentai - EXIM Agent","isPartOf":{"@id":"https:\/\/www.eximagent.eu\/#website"},"datePublished":"2015-10-19T12:50:44+00:00","dateModified":"2020-07-16T19:11:18+00:00","description":"Exim Agent Agentai","breadcrumb":{"@id":"https:\/\/www.eximagent.eu\/lt\/agents\/#breadcrumb"},"inLanguage":"lt","potentialAction":[{"@type":"ReadAction","target":["https:\/\/www.eximagent.eu\/lt\/agents\/"]}]},{"@type":"BreadcrumbList","@id":"https:\/\/www.eximagent.eu\/lt\/agents\/#breadcrumb","itemListElement":[{"@type":"ListItem","position":1,"name":"Home","item":"https:\/\/www.eximagent.eu\/lt\/"},{"@type":"ListItem","position":2,"name":"Agentai"}]},{"@type":"WebSite","@id":"https:\/\/www.eximagent.eu\/#website","url":"https:\/\/www.eximagent.eu\/","name":"EXIM Agent","description":"Import Export Agent","potentialAction":[{"@type":"SearchAction","target":{"@type":"EntryPoint","urlTemplate":"https:\/\/www.eximagent.eu\/?s={search_term_string}"},"query-input":{"@type":"PropertyValueSpecification","valueRequired":true,"valueName":"search_term_string"}}],"inLanguage":"lt"}]}},"_links":{"self":[{"href":"https:\/\/www.eximagent.eu\/lt\/wp-json\/wp\/v2\/pages\/4501","targetHints":{"allow":["GET"]}}],"collection":[{"href":"https:\/\/www.eximagent.eu\/lt\/wp-json\/wp\/v2\/pages"}],"about":[{"href":"https:\/\/www.eximagent.eu\/lt\/wp-json\/wp\/v2\/types\/page"}],"author":[{"embeddable":true,"href":"https:\/\/www.eximagent.eu\/lt\/wp-json\/wp\/v2\/users\/4"}],"replies":[{"embeddable":true,"href":"https:\/\/www.eximagent.eu\/lt\/wp-json\/wp\/v2\/comments?post=4501"}],"version-history":[{"count":0,"href":"https:\/\/www.eximagent.eu\/lt\/wp-json\/wp\/v2\/pages\/4501\/revisions"}],"wp:attachment":[{"href":"https:\/\/www.eximagent.eu\/lt\/wp-json\/wp\/v2\/media?parent=4501"}],"curies":[{"name":"wp","href":"https:\/\/api.w.org\/{rel}","templated":true}]}}