{"id":4503,"date":"2014-01-20T13:56:03","date_gmt":"2014-01-20T11:56:03","guid":{"rendered":"http:\/\/www.eximagent.eu\/lt\/?page_id=4503"},"modified":"2015-11-24T09:12:26","modified_gmt":"2015-11-24T07:12:26","slug":"services","status":"publish","type":"page","link":"https:\/\/www.eximagent.eu\/lt\/services\/","title":{"rendered":"Paslaugos"},"content":{"rendered":"<div class=\"wpb-content-wrapper\"><p>[vc_row][vc_column][vc_column_text css_animation_speed=&#8221;faster&#8221; css_animation_delay=&#8221;0&#8243;]<\/p>\n<h2>Exim Agent si\u016blo vis\u0105 komplekt\u0105 paslaug\u0173 J\u016bs\u0173 verslo vystymui.<\/h2>\n<p>[\/vc_column_text][vc_separator height_2=&#8221;20&#8243; height=&#8221;60&#8243; show_border=&#8221;yes_border&#8221;][vc_row_inner][vc_column_inner width=&#8221;1\/2&#8243;]<div class=\"krown-text-icon style-one\"><i class=\"krown-icon-logout\" style=\"color:#a1a1a1\"><\/i><a href=\"#\" target=\"_blank\"><h3>Eksportas<\/h3><\/a><div class=\"content\"><ul>\n<li>Randa geriausi\u0105 b\u016bd\u0105 J\u016bs\u0173 \u012fmonei\u00a0 prad\u0117ti eksport\u0105.<\/li>\n<li>J\u016bs\u0173 produkt\u0173 ir paslaug\u0173 eksportas \u012f Lietuv\u0105, Latvij\u0105, Estij\u0105, Rusij\u0105, Graikij\u0105, Baltarusij\u0105 ir Ukrain\u0105.<\/li>\n<li>Kontroliuoja ir valdo kiekvien\u0105 eksporto proceso\u00a0 dal\u012f, nuo rinkos analiz\u0117s iki mok\u0117jim\u0173 surinkimo.<\/li>\n<li>Prognozuoja ir planuoja pardavimus.<\/li>\n<li>Derasi d\u0117l kain\u0173 ir komercini\u0173 s\u0105lyg\u0173.<\/li>\n<li>Koordinuoja sutarties su potencialiais pirk\u0117jais pasira\u0161ym\u0105.<\/li>\n<li>Kasdien bendrauja su klientais.<\/li>\n<li>Atstovauja \u012fmon\u0119 parodose ir verslo susitikimuose.<\/li>\n<\/ul>\n<\/div><\/div>[\/vc_column_inner][vc_column_inner width=&#8221;1\/2&#8243;]<div class=\"krown-text-icon style-one\"><i class=\"krown-icon-login\" style=\"color:#a1a1a1\"><\/i><a href=\"#\" target=\"_blank\"><h3>Importas<\/h3><\/a><div class=\"content\"><ul>\n<li>Randa geriausi\u0105 b\u016bd\u0105 J\u016bs\u0173 \u012fmonei\u00a0 prad\u0117ti import\u0105.<\/li>\n<li>Produkt\u0173 ir paslaug\u0173 importas i\u0161 Lietuvoje, Graikijos, Ukrainos, Kinijos, JAV ir Italijos.<\/li>\n<li>Derasi d\u0117l kain\u0173 ir komercini\u0173 s\u0105lyg\u0173.<\/li>\n<li>Koordinuoja sutarties su potencialiais tiek\u0117jais pasira\u0161ym\u0105.<\/li>\n<li>Kasdien bendrauja su tiek\u0117jais.<\/li>\n<li>Atstovauja \u012fmon\u0119 parodose ir verslo susitikimuose.<\/li>\n<\/ul>\n<\/div><\/div>[\/vc_column_inner][\/vc_row_inner][vc_row_inner][vc_column_inner width=&#8221;1\/2&#8243;]<div class=\"krown-text-icon style-one\"><i class=\"krown-icon-search\" style=\"color:#a1a1a1\"><\/i><a href=\"#\" target=\"_blank\"><h3>Tyrimai<\/h3><\/a><div class=\"content\"><ul>\n<li>Atrenka tarptautiniu verslu u\u017esiiman\u010dias \u012fmones nuo\u00a0 orientuot\u0173 \u012f vidin\u0119 rink\u0105.<\/li>\n<li>Rinkos tyrimas.<\/li>\n<li>Pirk\u0117j\u0173 paie\u0161ka.<\/li>\n<li>Tiek\u0117j\u0173 paie\u0161ka.<\/li>\n<\/ul>\n<\/div><\/div>[\/vc_column_inner][vc_column_inner width=&#8221;1\/2&#8243;]<div class=\"krown-text-icon style-one\"><i class=\"krown-icon-about_us\" style=\"color:#a1a1a1\"><\/i><a href=\"#\" target=\"_blank\"><h3>Konsultacijos<\/h3><\/a><div class=\"content\"><ul>\n<li>Konsultuoja muitin\u0117s operacij\u0173 klausimais.<\/li>\n<li>Konsultuoja logistikos ir transportavimo klausimais.<\/li>\n<li>Konsultuoja marketingo klausimais.<\/li>\n<\/ul>\n<\/div><\/div>[\/vc_column_inner][\/vc_row_inner][\/vc_column][\/vc_row]<\/p>\n<\/div>","protected":false},"excerpt":{"rendered":"<p>[vc_row][vc_column][vc_column_text css_animation_speed=&#8221;faster&#8221; css_animation_delay=&#8221;0&#8243;] Exim Agent si\u016blo vis\u0105 komplekt\u0105 paslaug\u0173 J\u016bs\u0173 verslo vystymui. [\/vc_column_text][vc_separator height_2=&#8221;20&#8243; height=&#8221;60&#8243; show_border=&#8221;yes_border&#8221;][vc_row_inner][vc_column_inner width=&#8221;1\/2&#8243;][\/vc_column_inner][vc_column_inner width=&#8221;1\/2&#8243;][\/vc_column_inner][\/vc_row_inner][vc_row_inner][vc_column_inner width=&#8221;1\/2&#8243;][\/vc_column_inner][vc_column_inner width=&#8221;1\/2&#8243;][\/vc_column_inner][\/vc_row_inner][\/vc_column][\/vc_row]<\/p>\n","protected":false},"author":4,"featured_media":0,"parent":0,"menu_order":0,"comment_status":"closed","ping_status":"closed","template":"","meta":{"footnotes":""},"class_list":["post-4503","page","type-page","status-publish","hentry"],"yoast_head":"<!-- This site is optimized with the Yoast SEO plugin v27.0 - https:\/\/yoast.com\/product\/yoast-seo-wordpress\/ -->\n<title>Paslaugos - EXIM Agent<\/title>\n<meta name=\"description\" content=\"Exim Agent si\u016blo vis\u0105 komplekt\u0105 paslaug\u0173 J\u016bs\u0173 verslo vystymui.\" \/>\n<meta name=\"robots\" content=\"index, follow, max-snippet:-1, max-image-preview:large, max-video-preview:-1\" \/>\n<link rel=\"canonical\" href=\"https:\/\/www.eximagent.eu\/lt\/services\/\" \/>\n<meta property=\"og:locale\" content=\"lt_LT\" \/>\n<meta property=\"og:type\" content=\"article\" \/>\n<meta property=\"og:title\" content=\"Paslaugos - EXIM Agent\" \/>\n<meta property=\"og:description\" content=\"Exim Agent si\u016blo vis\u0105 komplekt\u0105 paslaug\u0173 J\u016bs\u0173 verslo vystymui.\" \/>\n<meta property=\"og:url\" content=\"https:\/\/www.eximagent.eu\/lt\/services\/\" \/>\n<meta property=\"og:site_name\" content=\"EXIM Agent\" \/>\n<meta property=\"article:publisher\" content=\"https:\/\/www.facebook.com\/EXIM-agent-924956334261970\" \/>\n<meta property=\"article:modified_time\" content=\"2015-11-24T07:12:26+00:00\" \/>\n<meta name=\"twitter:card\" content=\"summary_large_image\" \/>\n<meta name=\"twitter:label1\" content=\"Est. reading time\" \/>\n\t<meta name=\"twitter:data1\" content=\"1 minute\" \/>\n<script type=\"application\/ld+json\" class=\"yoast-schema-graph\">{\"@context\":\"https:\/\/schema.org\",\"@graph\":[{\"@type\":\"WebPage\",\"@id\":\"https:\/\/www.eximagent.eu\/lt\/services\/\",\"url\":\"https:\/\/www.eximagent.eu\/lt\/services\/\",\"name\":\"Paslaugos - EXIM Agent\",\"isPartOf\":{\"@id\":\"https:\/\/www.eximagent.eu\/#website\"},\"datePublished\":\"2014-01-20T11:56:03+00:00\",\"dateModified\":\"2015-11-24T07:12:26+00:00\",\"description\":\"Exim Agent si\u016blo vis\u0105 komplekt\u0105 paslaug\u0173 J\u016bs\u0173 verslo vystymui.\",\"breadcrumb\":{\"@id\":\"https:\/\/www.eximagent.eu\/lt\/services\/#breadcrumb\"},\"inLanguage\":\"lt\",\"potentialAction\":[{\"@type\":\"ReadAction\",\"target\":[\"https:\/\/www.eximagent.eu\/lt\/services\/\"]}]},{\"@type\":\"BreadcrumbList\",\"@id\":\"https:\/\/www.eximagent.eu\/lt\/services\/#breadcrumb\",\"itemListElement\":[{\"@type\":\"ListItem\",\"position\":1,\"name\":\"Home\",\"item\":\"https:\/\/www.eximagent.eu\/lt\/\"},{\"@type\":\"ListItem\",\"position\":2,\"name\":\"Paslaugos\"}]},{\"@type\":\"WebSite\",\"@id\":\"https:\/\/www.eximagent.eu\/#website\",\"url\":\"https:\/\/www.eximagent.eu\/\",\"name\":\"EXIM Agent\",\"description\":\"Import Export Agent\",\"potentialAction\":[{\"@type\":\"SearchAction\",\"target\":{\"@type\":\"EntryPoint\",\"urlTemplate\":\"https:\/\/www.eximagent.eu\/?s={search_term_string}\"},\"query-input\":{\"@type\":\"PropertyValueSpecification\",\"valueRequired\":true,\"valueName\":\"search_term_string\"}}],\"inLanguage\":\"lt\"}]}<\/script>\n<!-- \/ Yoast SEO plugin. -->","yoast_head_json":{"title":"Paslaugos - EXIM Agent","description":"Exim Agent si\u016blo vis\u0105 komplekt\u0105 paslaug\u0173 J\u016bs\u0173 verslo vystymui.","robots":{"index":"index","follow":"follow","max-snippet":"max-snippet:-1","max-image-preview":"max-image-preview:large","max-video-preview":"max-video-preview:-1"},"canonical":"https:\/\/www.eximagent.eu\/lt\/services\/","og_locale":"lt_LT","og_type":"article","og_title":"Paslaugos - EXIM Agent","og_description":"Exim Agent si\u016blo vis\u0105 komplekt\u0105 paslaug\u0173 J\u016bs\u0173 verslo vystymui.","og_url":"https:\/\/www.eximagent.eu\/lt\/services\/","og_site_name":"EXIM Agent","article_publisher":"https:\/\/www.facebook.com\/EXIM-agent-924956334261970","article_modified_time":"2015-11-24T07:12:26+00:00","twitter_card":"summary_large_image","twitter_misc":{"Est. reading time":"1 minute"},"schema":{"@context":"https:\/\/schema.org","@graph":[{"@type":"WebPage","@id":"https:\/\/www.eximagent.eu\/lt\/services\/","url":"https:\/\/www.eximagent.eu\/lt\/services\/","name":"Paslaugos - EXIM Agent","isPartOf":{"@id":"https:\/\/www.eximagent.eu\/#website"},"datePublished":"2014-01-20T11:56:03+00:00","dateModified":"2015-11-24T07:12:26+00:00","description":"Exim Agent si\u016blo vis\u0105 komplekt\u0105 paslaug\u0173 J\u016bs\u0173 verslo vystymui.","breadcrumb":{"@id":"https:\/\/www.eximagent.eu\/lt\/services\/#breadcrumb"},"inLanguage":"lt","potentialAction":[{"@type":"ReadAction","target":["https:\/\/www.eximagent.eu\/lt\/services\/"]}]},{"@type":"BreadcrumbList","@id":"https:\/\/www.eximagent.eu\/lt\/services\/#breadcrumb","itemListElement":[{"@type":"ListItem","position":1,"name":"Home","item":"https:\/\/www.eximagent.eu\/lt\/"},{"@type":"ListItem","position":2,"name":"Paslaugos"}]},{"@type":"WebSite","@id":"https:\/\/www.eximagent.eu\/#website","url":"https:\/\/www.eximagent.eu\/","name":"EXIM Agent","description":"Import Export Agent","potentialAction":[{"@type":"SearchAction","target":{"@type":"EntryPoint","urlTemplate":"https:\/\/www.eximagent.eu\/?s={search_term_string}"},"query-input":{"@type":"PropertyValueSpecification","valueRequired":true,"valueName":"search_term_string"}}],"inLanguage":"lt"}]}},"_links":{"self":[{"href":"https:\/\/www.eximagent.eu\/lt\/wp-json\/wp\/v2\/pages\/4503","targetHints":{"allow":["GET"]}}],"collection":[{"href":"https:\/\/www.eximagent.eu\/lt\/wp-json\/wp\/v2\/pages"}],"about":[{"href":"https:\/\/www.eximagent.eu\/lt\/wp-json\/wp\/v2\/types\/page"}],"author":[{"embeddable":true,"href":"https:\/\/www.eximagent.eu\/lt\/wp-json\/wp\/v2\/users\/4"}],"replies":[{"embeddable":true,"href":"https:\/\/www.eximagent.eu\/lt\/wp-json\/wp\/v2\/comments?post=4503"}],"version-history":[{"count":0,"href":"https:\/\/www.eximagent.eu\/lt\/wp-json\/wp\/v2\/pages\/4503\/revisions"}],"wp:attachment":[{"href":"https:\/\/www.eximagent.eu\/lt\/wp-json\/wp\/v2\/media?parent=4503"}],"curies":[{"name":"wp","href":"https:\/\/api.w.org\/{rel}","templated":true}]}}