{"id":4517,"date":"2014-05-22T09:16:15","date_gmt":"2014-05-22T06:16:15","guid":{"rendered":"http:\/\/www.eximagent.eu\/lt\/?page_id=4517"},"modified":"2015-11-20T15:33:34","modified_gmt":"2015-11-20T13:33:34","slug":"terms-and-conditions","status":"publish","type":"page","link":"https:\/\/www.eximagent.eu\/lt\/terms-and-conditions\/","title":{"rendered":"Terminai ir s\u0105lygos"},"content":{"rendered":"<h2>\u010cia rasite da\u017eniausiai u\u017eduodam\u0173 klausim\u0173 s\u0105ra\u0161\u0105 apie terminus &amp; s\u0105lygas. Jeigu negalite rasti atsakymo <a href=\"http:\/\/contact\">susisiekite su mumis \u010dia<\/a>.<\/h2>\n<h3>Su kokiomis \u012fmon\u0117mis Exim agent dirba?<\/h3>\n<p>Agentas&#8230;<\/p>\n<ul>\n<li>dirba tik su didmenininkais ir gamintojais, kurie turi paj\u0117gum\u0173 vykdyti didmeninius u\u017esakymus.<\/li>\n<li>tarpininkauja tik tarptautin\u0117s prekybos sandoriuose, t.y. tarp dviej\u0173 skirting\u0173 \u0161ali\u0173.<\/li>\n<li>dirba tik su tomis kompanijomis, kurios yra arba lengvai gali b\u016bti registruotos kaip eksportuotojai-importuotojai teritorin\u0117je muitin\u0117je.<\/li>\n<li>dirba su tiek\u0117jais, kurie garantuoja ir prisiima atsakomyb\u0119 u\u017e produkt\u0173 ir paslaug\u0173 kokyb\u0119.<\/li>\n<\/ul>\n<h3>Kaip vyksta bendradarbiavimas su Exim agent?<\/h3>\n<p>Agentas&#8230;<\/p>\n<ul>\n<li>pradeda darb\u0105 tik po tarpininkavimo ir agentavimo sutarties pasira\u0161ymo.<\/li>\n<li>gauna i\u0161skirtines pardavimo teises rinkose ar regionuose, kuriuose pradeda darb\u0105.<\/li>\n<li>inicijuoja tiesiogin\u012f kontakt\u0105 tarp tiek\u0117jo ir potencialaus pirk\u0117jo.<\/li>\n<li>pats neperka ir neparduoda preki\u0173 ir paslaug\u0173. Tiek\u0117jas pirkimus vykdo tiesiogiai pirk\u0117jui ir ruo\u0161ia visus b\u016btinus dokumentus.<\/li>\n<\/ul>\n<h3>Kaip d\u0117l mok\u0117jimo s\u0105lyg\u0173?<\/h3>\n<ul>\n<li>Agentas ilgalaikiai t\u0119sia darb\u0105 su jo rastais klientais ir jo paslaugos privalo b\u016bti apmok\u0117tos pagal susitarim\u0105.<\/li>\n<li>Agentas i\u0161ra\u0161o s\u0105skait\u0105 partneriui u\u017e paslaugas, ir sutartas komisinis mokestis yra sumokamas, kai tam tikras pirkimo ar pardavimo sandoris yra \u012fvykdytas ir baigtas.<\/li>\n<li>Tik pirkimo arba pardavimo rezultatai \u012fpareigoja sumok\u0117ti sutart\u0105 komisin\u012f mokest\u012f agentui.<\/li>\n<\/ul>\n","protected":false},"excerpt":{"rendered":"<p>\u010cia rasite da\u017eniausiai u\u017eduodam\u0173 klausim\u0173 s\u0105ra\u0161\u0105 apie terminus &amp; s\u0105lygas. Jeigu negalite rasti atsakymo susisiekite su mumis \u010dia. Su kokiomis \u012fmon\u0117mis Exim agent dirba? Agentas&#8230; dirba tik su didmenininkais ir gamintojais, kurie turi paj\u0117gum\u0173 vykdyti didmeninius u\u017esakymus. tarpininkauja tik tarptautin\u0117s prekybos sandoriuose, t.y. tarp dviej\u0173 skirting\u0173 \u0161ali\u0173. dirba tik su tomis kompanijomis, kurios yra arba [&hellip;]<\/p>\n","protected":false},"author":4,"featured_media":0,"parent":0,"menu_order":0,"comment_status":"closed","ping_status":"closed","template":"","meta":{"footnotes":""},"class_list":["post-4517","page","type-page","status-publish","hentry"],"yoast_head":"<!-- This site is optimized with the Yoast SEO plugin v27.6 - https:\/\/yoast.com\/product\/yoast-seo-wordpress\/ -->\n<title>Terminai ir s\u0105lygos - EXIM Agent<\/title>\n<meta name=\"description\" content=\"\u010cia rasite da\u017eniausiai u\u017eduodam\u0173 klausim\u0173 s\u0105ra\u0161\u0105 apie terminus &amp; s\u0105lygas. Jeigu negalite rasti atsakymo susisiekite su mumis \u010dia.\" \/>\n<meta name=\"robots\" content=\"index, follow, max-snippet:-1, max-image-preview:large, max-video-preview:-1\" \/>\n<link rel=\"canonical\" href=\"https:\/\/www.eximagent.eu\/lt\/terms-and-conditions\/\" \/>\n<meta property=\"og:locale\" content=\"lt_LT\" \/>\n<meta property=\"og:type\" content=\"article\" \/>\n<meta property=\"og:title\" content=\"Terminai ir s\u0105lygos - EXIM Agent\" \/>\n<meta property=\"og:description\" content=\"\u010cia rasite da\u017eniausiai u\u017eduodam\u0173 klausim\u0173 s\u0105ra\u0161\u0105 apie terminus &amp; s\u0105lygas. Jeigu negalite rasti atsakymo susisiekite su mumis \u010dia.\" \/>\n<meta property=\"og:url\" content=\"https:\/\/www.eximagent.eu\/lt\/terms-and-conditions\/\" \/>\n<meta property=\"og:site_name\" content=\"EXIM Agent\" \/>\n<meta property=\"article:publisher\" content=\"https:\/\/www.facebook.com\/EXIM-agent-924956334261970\" \/>\n<meta property=\"article:modified_time\" content=\"2015-11-20T13:33:34+00:00\" \/>\n<meta name=\"twitter:card\" content=\"summary_large_image\" \/>\n<meta name=\"twitter:label1\" content=\"Est. reading time\" \/>\n\t<meta name=\"twitter:data1\" content=\"1 minute\" \/>\n<script type=\"application\/ld+json\" class=\"yoast-schema-graph\">{\"@context\":\"https:\\\/\\\/schema.org\",\"@graph\":[{\"@type\":\"WebPage\",\"@id\":\"https:\\\/\\\/www.eximagent.eu\\\/lt\\\/terms-and-conditions\\\/\",\"url\":\"https:\\\/\\\/www.eximagent.eu\\\/lt\\\/terms-and-conditions\\\/\",\"name\":\"Terminai ir s\u0105lygos - EXIM Agent\",\"isPartOf\":{\"@id\":\"https:\\\/\\\/www.eximagent.eu\\\/#website\"},\"datePublished\":\"2014-05-22T06:16:15+00:00\",\"dateModified\":\"2015-11-20T13:33:34+00:00\",\"description\":\"\u010cia rasite da\u017eniausiai u\u017eduodam\u0173 klausim\u0173 s\u0105ra\u0161\u0105 apie terminus & s\u0105lygas. Jeigu negalite rasti atsakymo susisiekite su mumis \u010dia.\",\"breadcrumb\":{\"@id\":\"https:\\\/\\\/www.eximagent.eu\\\/lt\\\/terms-and-conditions\\\/#breadcrumb\"},\"inLanguage\":\"lt\",\"potentialAction\":[{\"@type\":\"ReadAction\",\"target\":[\"https:\\\/\\\/www.eximagent.eu\\\/lt\\\/terms-and-conditions\\\/\"]}]},{\"@type\":\"BreadcrumbList\",\"@id\":\"https:\\\/\\\/www.eximagent.eu\\\/lt\\\/terms-and-conditions\\\/#breadcrumb\",\"itemListElement\":[{\"@type\":\"ListItem\",\"position\":1,\"name\":\"Home\",\"item\":\"https:\\\/\\\/www.eximagent.eu\\\/lt\\\/\"},{\"@type\":\"ListItem\",\"position\":2,\"name\":\"Terminai ir s\u0105lygos\"}]},{\"@type\":\"WebSite\",\"@id\":\"https:\\\/\\\/www.eximagent.eu\\\/#website\",\"url\":\"https:\\\/\\\/www.eximagent.eu\\\/\",\"name\":\"EXIM Agent\",\"description\":\"Import Export Agent\",\"potentialAction\":[{\"@type\":\"SearchAction\",\"target\":{\"@type\":\"EntryPoint\",\"urlTemplate\":\"https:\\\/\\\/www.eximagent.eu\\\/?s={search_term_string}\"},\"query-input\":{\"@type\":\"PropertyValueSpecification\",\"valueRequired\":true,\"valueName\":\"search_term_string\"}}],\"inLanguage\":\"lt\"}]}<\/script>\n<!-- \/ Yoast SEO plugin. -->","yoast_head_json":{"title":"Terminai ir s\u0105lygos - EXIM Agent","description":"\u010cia rasite da\u017eniausiai u\u017eduodam\u0173 klausim\u0173 s\u0105ra\u0161\u0105 apie terminus & s\u0105lygas. Jeigu negalite rasti atsakymo susisiekite su mumis \u010dia.","robots":{"index":"index","follow":"follow","max-snippet":"max-snippet:-1","max-image-preview":"max-image-preview:large","max-video-preview":"max-video-preview:-1"},"canonical":"https:\/\/www.eximagent.eu\/lt\/terms-and-conditions\/","og_locale":"lt_LT","og_type":"article","og_title":"Terminai ir s\u0105lygos - EXIM Agent","og_description":"\u010cia rasite da\u017eniausiai u\u017eduodam\u0173 klausim\u0173 s\u0105ra\u0161\u0105 apie terminus & s\u0105lygas. Jeigu negalite rasti atsakymo susisiekite su mumis \u010dia.","og_url":"https:\/\/www.eximagent.eu\/lt\/terms-and-conditions\/","og_site_name":"EXIM Agent","article_publisher":"https:\/\/www.facebook.com\/EXIM-agent-924956334261970","article_modified_time":"2015-11-20T13:33:34+00:00","twitter_card":"summary_large_image","twitter_misc":{"Est. reading time":"1 minute"},"schema":{"@context":"https:\/\/schema.org","@graph":[{"@type":"WebPage","@id":"https:\/\/www.eximagent.eu\/lt\/terms-and-conditions\/","url":"https:\/\/www.eximagent.eu\/lt\/terms-and-conditions\/","name":"Terminai ir s\u0105lygos - EXIM Agent","isPartOf":{"@id":"https:\/\/www.eximagent.eu\/#website"},"datePublished":"2014-05-22T06:16:15+00:00","dateModified":"2015-11-20T13:33:34+00:00","description":"\u010cia rasite da\u017eniausiai u\u017eduodam\u0173 klausim\u0173 s\u0105ra\u0161\u0105 apie terminus & s\u0105lygas. Jeigu negalite rasti atsakymo susisiekite su mumis \u010dia.","breadcrumb":{"@id":"https:\/\/www.eximagent.eu\/lt\/terms-and-conditions\/#breadcrumb"},"inLanguage":"lt","potentialAction":[{"@type":"ReadAction","target":["https:\/\/www.eximagent.eu\/lt\/terms-and-conditions\/"]}]},{"@type":"BreadcrumbList","@id":"https:\/\/www.eximagent.eu\/lt\/terms-and-conditions\/#breadcrumb","itemListElement":[{"@type":"ListItem","position":1,"name":"Home","item":"https:\/\/www.eximagent.eu\/lt\/"},{"@type":"ListItem","position":2,"name":"Terminai ir s\u0105lygos"}]},{"@type":"WebSite","@id":"https:\/\/www.eximagent.eu\/#website","url":"https:\/\/www.eximagent.eu\/","name":"EXIM Agent","description":"Import Export Agent","potentialAction":[{"@type":"SearchAction","target":{"@type":"EntryPoint","urlTemplate":"https:\/\/www.eximagent.eu\/?s={search_term_string}"},"query-input":{"@type":"PropertyValueSpecification","valueRequired":true,"valueName":"search_term_string"}}],"inLanguage":"lt"}]}},"_links":{"self":[{"href":"https:\/\/www.eximagent.eu\/lt\/wp-json\/wp\/v2\/pages\/4517","targetHints":{"allow":["GET"]}}],"collection":[{"href":"https:\/\/www.eximagent.eu\/lt\/wp-json\/wp\/v2\/pages"}],"about":[{"href":"https:\/\/www.eximagent.eu\/lt\/wp-json\/wp\/v2\/types\/page"}],"author":[{"embeddable":true,"href":"https:\/\/www.eximagent.eu\/lt\/wp-json\/wp\/v2\/users\/4"}],"replies":[{"embeddable":true,"href":"https:\/\/www.eximagent.eu\/lt\/wp-json\/wp\/v2\/comments?post=4517"}],"version-history":[{"count":0,"href":"https:\/\/www.eximagent.eu\/lt\/wp-json\/wp\/v2\/pages\/4517\/revisions"}],"wp:attachment":[{"href":"https:\/\/www.eximagent.eu\/lt\/wp-json\/wp\/v2\/media?parent=4517"}],"curies":[{"name":"wp","href":"https:\/\/api.w.org\/{rel}","templated":true}]}}