{"id":4519,"date":"2014-01-20T13:57:37","date_gmt":"2014-01-20T11:57:37","guid":{"rendered":"http:\/\/www.eximagent.eu\/lt\/?page_id=4519"},"modified":"2018-12-06T11:05:10","modified_gmt":"2018-12-06T09:05:10","slug":"contact","status":"publish","type":"page","link":"https:\/\/www.eximagent.eu\/lt\/contact\/","title":{"rendered":"Susisiekite su Mumis"},"content":{"rendered":"<div class=\"wpb-content-wrapper\"><p>[vc_row][vc_column width=&#8221;1\/4&#8243;][vc_column_text]<\/p>\n<h3>Kontaktai<\/h3>\n<p><strong>Registracijos adresas:<\/strong><br \/>\nNaujakiemio 16-78,<br \/>\n94190 Klaip\u0117da,<br \/>\nLietuva<\/p>\n<p><strong>Korespondecijos adresas:<\/strong><br \/>\nMezonos 304,<br \/>\n26222 Patrai,<br \/>\nGraikija<\/p>\n<p><strong>E-pa\u0161tas:<\/strong> laura@eximagent.eu<br \/>\n<strong>Tel.:<\/strong> +30 2610 344578<br \/>\n<strong>Mob.:<\/strong> +30 6981040441<br \/>\n<strong>Mob. LT.:<\/strong> +37 069884554<br \/>\n<strong>Skype:<\/strong> kaikaryte<\/p>\n<p><strong>Individualios veiklos pa\u017eyma Nr.<\/strong> 664553[\/vc_column_text][\/vc_column][vc_column width=&#8221;3\/4&#8243;][vc_column_text]<\/p>\n<h3>Si\u0173sti \u017einut\u0119<\/h3>\n<p>[\/vc_column_text]\n<div class=\"wpcf7 no-js\" id=\"wpcf7-f4639-o1\" lang=\"en-US\" dir=\"ltr\" data-wpcf7-id=\"4639\">\n<div class=\"screen-reader-response\"><p role=\"status\" aria-live=\"polite\" aria-atomic=\"true\"><\/p> <ul><\/ul><\/div>\n<form action=\"\/lt\/wp-json\/wp\/v2\/pages\/4519#wpcf7-f4639-o1\" method=\"post\" class=\"wpcf7-form init\" aria-label=\"Contact form\" novalidate=\"novalidate\" data-status=\"init\">\n<fieldset class=\"hidden-fields-container\"><input type=\"hidden\" name=\"_wpcf7\" value=\"4639\" \/><input type=\"hidden\" name=\"_wpcf7_version\" value=\"6.1.1\" \/><input type=\"hidden\" name=\"_wpcf7_locale\" value=\"en_US\" \/><input type=\"hidden\" name=\"_wpcf7_unit_tag\" value=\"wpcf7-f4639-o1\" \/><input type=\"hidden\" name=\"_wpcf7_container_post\" value=\"0\" \/><input type=\"hidden\" name=\"_wpcf7_posted_data_hash\" value=\"\" \/><input type=\"hidden\" name=\"_wpcf7_recaptcha_response\" value=\"\" \/>\n<\/fieldset>\n<div class=\"krown-column-container span4\" style=\"margin-left: 0\">\n\t<p><label for=\"your-name\">Vardas*<\/label><span class=\"wpcf7-form-control-wrap\" data-name=\"your-name\"><input size=\"40\" maxlength=\"400\" class=\"wpcf7-form-control wpcf7-text wpcf7-validates-as-required your-name\" id=\"your-name\" aria-required=\"true\" aria-invalid=\"false\" value=\"\" type=\"text\" name=\"your-name\" \/><\/span>\n\t<\/p>\n<\/div>\n<div class=\"krown-column-container span4\">\n\t<p><label for=\"email\">E-pa\u0161tas*<\/label><span class=\"wpcf7-form-control-wrap\" data-name=\"email\"><input size=\"40\" maxlength=\"400\" class=\"wpcf7-form-control wpcf7-email wpcf7-validates-as-required wpcf7-text wpcf7-validates-as-email email\" id=\"email\" aria-required=\"true\" aria-invalid=\"false\" value=\"\" type=\"email\" name=\"email\" \/><\/span>\n\t<\/p>\n<\/div>\n<div class=\"krown-column-container span4\">\n\t<p><label for=\"subject\">Tema<\/label><span class=\"wpcf7-form-control-wrap\" data-name=\"subject\"><input size=\"40\" maxlength=\"400\" class=\"wpcf7-form-control wpcf7-text subject\" id=\"subject\" aria-invalid=\"false\" value=\"\" type=\"text\" name=\"subject\" \/><\/span>\n\t<\/p>\n<\/div>\n<div class=\"krown-column-container span12\" style=\"margin-left: 0\">\n\t<p><label for=\"message\">J\u016bs\u0173 \u017einut\u0117*<\/label><span class=\"wpcf7-form-control-wrap\" data-name=\"message\"><textarea cols=\"40\" rows=\"10\" maxlength=\"2000\" class=\"wpcf7-form-control wpcf7-textarea wpcf7-validates-as-required message\" id=\"message\" aria-required=\"true\" aria-invalid=\"false\" name=\"message\"><\/textarea><\/span>\n\t<\/p>\n<\/div>\n<div class=\"krown-column-container span12\" style=\"margin-left: 0\">\n\t<p><input class=\"wpcf7-form-control wpcf7-submit has-spinner\" type=\"submit\" value=\"SI\u0172STI\" \/>\n\t<\/p>\n<\/div>\n<div class=\"clearfix\">\n<\/div><div class=\"wpcf7-response-output\" aria-hidden=\"true\"><\/div>\n<\/form>\n<\/div>\n[\/vc_column][\/vc_row]<\/p>\n<\/div>","protected":false},"excerpt":{"rendered":"<p>[vc_row][vc_column width=&#8221;1\/4&#8243;][vc_column_text] Kontaktai Registracijos adresas: Naujakiemio 16-78, 94190 Klaip\u0117da, Lietuva Korespondecijos adresas: Mezonos 304, 26222 Patrai, Graikija E-pa\u0161tas: laura@eximagent.eu Tel.: +30 2610 344578 Mob.: +30 6981040441 Mob. LT.: +37 069884554 Skype: kaikaryte Individualios veiklos pa\u017eyma Nr. 664553[\/vc_column_text][\/vc_column][vc_column width=&#8221;3\/4&#8243;][vc_column_text] Si\u0173sti \u017einut\u0119 [\/vc_column_text][\/vc_column][\/vc_row]<\/p>\n","protected":false},"author":4,"featured_media":0,"parent":0,"menu_order":0,"comment_status":"closed","ping_status":"closed","template":"template-contact.php","meta":{"footnotes":""},"class_list":["post-4519","page","type-page","status-publish","hentry"],"yoast_head":"<!-- This site is optimized with the Yoast SEO plugin v27.0 - https:\/\/yoast.com\/product\/yoast-seo-wordpress\/ -->\n<title>Susisiekite su Mumis - EXIM Agent<\/title>\n<meta name=\"description\" content=\"Susisiekite su Mumis\" \/>\n<meta name=\"robots\" content=\"index, follow, max-snippet:-1, max-image-preview:large, max-video-preview:-1\" \/>\n<link rel=\"canonical\" href=\"https:\/\/www.eximagent.eu\/lt\/contact\/\" \/>\n<meta property=\"og:locale\" content=\"lt_LT\" \/>\n<meta property=\"og:type\" content=\"article\" \/>\n<meta property=\"og:title\" content=\"Susisiekite su Mumis - EXIM Agent\" \/>\n<meta property=\"og:description\" content=\"Susisiekite su Mumis\" \/>\n<meta property=\"og:url\" content=\"https:\/\/www.eximagent.eu\/lt\/contact\/\" \/>\n<meta property=\"og:site_name\" content=\"EXIM Agent\" \/>\n<meta property=\"article:publisher\" content=\"https:\/\/www.facebook.com\/EXIM-agent-924956334261970\" \/>\n<meta property=\"article:modified_time\" content=\"2018-12-06T09:05:10+00:00\" \/>\n<meta name=\"twitter:card\" content=\"summary_large_image\" \/>\n<script type=\"application\/ld+json\" class=\"yoast-schema-graph\">{\"@context\":\"https:\/\/schema.org\",\"@graph\":[{\"@type\":\"WebPage\",\"@id\":\"https:\/\/www.eximagent.eu\/lt\/contact\/\",\"url\":\"https:\/\/www.eximagent.eu\/lt\/contact\/\",\"name\":\"Susisiekite su Mumis - EXIM Agent\",\"isPartOf\":{\"@id\":\"https:\/\/www.eximagent.eu\/#website\"},\"datePublished\":\"2014-01-20T11:57:37+00:00\",\"dateModified\":\"2018-12-06T09:05:10+00:00\",\"description\":\"Susisiekite su Mumis\",\"breadcrumb\":{\"@id\":\"https:\/\/www.eximagent.eu\/lt\/contact\/#breadcrumb\"},\"inLanguage\":\"lt\",\"potentialAction\":[{\"@type\":\"ReadAction\",\"target\":[\"https:\/\/www.eximagent.eu\/lt\/contact\/\"]}]},{\"@type\":\"BreadcrumbList\",\"@id\":\"https:\/\/www.eximagent.eu\/lt\/contact\/#breadcrumb\",\"itemListElement\":[{\"@type\":\"ListItem\",\"position\":1,\"name\":\"Home\",\"item\":\"https:\/\/www.eximagent.eu\/lt\/\"},{\"@type\":\"ListItem\",\"position\":2,\"name\":\"Susisiekite su Mumis\"}]},{\"@type\":\"WebSite\",\"@id\":\"https:\/\/www.eximagent.eu\/#website\",\"url\":\"https:\/\/www.eximagent.eu\/\",\"name\":\"EXIM Agent\",\"description\":\"Import Export Agent\",\"potentialAction\":[{\"@type\":\"SearchAction\",\"target\":{\"@type\":\"EntryPoint\",\"urlTemplate\":\"https:\/\/www.eximagent.eu\/?s={search_term_string}\"},\"query-input\":{\"@type\":\"PropertyValueSpecification\",\"valueRequired\":true,\"valueName\":\"search_term_string\"}}],\"inLanguage\":\"lt\"}]}<\/script>\n<!-- \/ Yoast SEO plugin. -->","yoast_head_json":{"title":"Susisiekite su Mumis - EXIM Agent","description":"Susisiekite su Mumis","robots":{"index":"index","follow":"follow","max-snippet":"max-snippet:-1","max-image-preview":"max-image-preview:large","max-video-preview":"max-video-preview:-1"},"canonical":"https:\/\/www.eximagent.eu\/lt\/contact\/","og_locale":"lt_LT","og_type":"article","og_title":"Susisiekite su Mumis - EXIM Agent","og_description":"Susisiekite su Mumis","og_url":"https:\/\/www.eximagent.eu\/lt\/contact\/","og_site_name":"EXIM Agent","article_publisher":"https:\/\/www.facebook.com\/EXIM-agent-924956334261970","article_modified_time":"2018-12-06T09:05:10+00:00","twitter_card":"summary_large_image","schema":{"@context":"https:\/\/schema.org","@graph":[{"@type":"WebPage","@id":"https:\/\/www.eximagent.eu\/lt\/contact\/","url":"https:\/\/www.eximagent.eu\/lt\/contact\/","name":"Susisiekite su Mumis - EXIM Agent","isPartOf":{"@id":"https:\/\/www.eximagent.eu\/#website"},"datePublished":"2014-01-20T11:57:37+00:00","dateModified":"2018-12-06T09:05:10+00:00","description":"Susisiekite su Mumis","breadcrumb":{"@id":"https:\/\/www.eximagent.eu\/lt\/contact\/#breadcrumb"},"inLanguage":"lt","potentialAction":[{"@type":"ReadAction","target":["https:\/\/www.eximagent.eu\/lt\/contact\/"]}]},{"@type":"BreadcrumbList","@id":"https:\/\/www.eximagent.eu\/lt\/contact\/#breadcrumb","itemListElement":[{"@type":"ListItem","position":1,"name":"Home","item":"https:\/\/www.eximagent.eu\/lt\/"},{"@type":"ListItem","position":2,"name":"Susisiekite su Mumis"}]},{"@type":"WebSite","@id":"https:\/\/www.eximagent.eu\/#website","url":"https:\/\/www.eximagent.eu\/","name":"EXIM Agent","description":"Import Export Agent","potentialAction":[{"@type":"SearchAction","target":{"@type":"EntryPoint","urlTemplate":"https:\/\/www.eximagent.eu\/?s={search_term_string}"},"query-input":{"@type":"PropertyValueSpecification","valueRequired":true,"valueName":"search_term_string"}}],"inLanguage":"lt"}]}},"_links":{"self":[{"href":"https:\/\/www.eximagent.eu\/lt\/wp-json\/wp\/v2\/pages\/4519","targetHints":{"allow":["GET"]}}],"collection":[{"href":"https:\/\/www.eximagent.eu\/lt\/wp-json\/wp\/v2\/pages"}],"about":[{"href":"https:\/\/www.eximagent.eu\/lt\/wp-json\/wp\/v2\/types\/page"}],"author":[{"embeddable":true,"href":"https:\/\/www.eximagent.eu\/lt\/wp-json\/wp\/v2\/users\/4"}],"replies":[{"embeddable":true,"href":"https:\/\/www.eximagent.eu\/lt\/wp-json\/wp\/v2\/comments?post=4519"}],"version-history":[{"count":0,"href":"https:\/\/www.eximagent.eu\/lt\/wp-json\/wp\/v2\/pages\/4519\/revisions"}],"wp:attachment":[{"href":"https:\/\/www.eximagent.eu\/lt\/wp-json\/wp\/v2\/media?parent=4519"}],"curies":[{"name":"wp","href":"https:\/\/api.w.org\/{rel}","templated":true}]}}