{"id":4521,"date":"2014-06-18T06:31:14","date_gmt":"2014-06-18T03:31:14","guid":{"rendered":"http:\/\/www.eximagent.eu\/lt\/?page_id=4521"},"modified":"2015-11-20T11:25:31","modified_gmt":"2015-11-20T09:25:31","slug":"pagrindinis","status":"publish","type":"page","link":"https:\/\/www.eximagent.eu\/lt\/","title":{"rendered":"Pagrindinis"},"content":{"rendered":"<div class=\"wpb-content-wrapper\"><p>[vc_row][vc_column][vc_text_separator title=&#8221;M\u016aS\u0172 PASLAUGOS&#8221; margin=&#8221;35&#8243; subtitle=&#8221;The best quality for the best price&#8221; align=&#8221;align-center&#8221; style=&#8221;style-normal&#8221; height=&#8221;100&#8243; css_animation_speed=&#8221;faster&#8221; css_animation_delay=&#8221;0&#8243;][vc_row_inner][vc_column_inner width=&#8221;1\/4&#8243;]<div class=\"krown-text-icon style-three\"><a class=\"icon-wrap\" href=\"\/lt\/services\" target=\"_blank\"><i class=\"krown-icon-logout\" style=\"color:#a1a1a1\"><\/i><hr \/><h3>Eksportas<\/h3><div class=\"krown-button-holder\"><span class=\"krown-button normal color\">SKAITYKITE DAUGIAU<\/span><\/div><\/a><\/div>[\/vc_column_inner][vc_column_inner width=&#8221;1\/4&#8243;]<div class=\"krown-text-icon style-three\"><a class=\"icon-wrap\" href=\"\/lt\/services\" target=\"_blank\"><i class=\"krown-icon-login\" style=\"color:#a1a1a1\"><\/i><hr \/><h3>Importas<\/h3><div class=\"krown-button-holder\"><span class=\"krown-button normal color\">SKAITYKITE DAUGIAU<\/span><\/div><\/a><\/div>[\/vc_column_inner][vc_column_inner width=&#8221;1\/4&#8243;]<div class=\"krown-text-icon style-three\"><a class=\"icon-wrap\" href=\"\/lt\/services\" target=\"_blank\"><i class=\"krown-icon-search\" style=\"color:#a1a1a1\"><\/i><hr \/><h3>Tyrimai<\/h3><div class=\"krown-button-holder\"><span class=\"krown-button normal color\">SKAITYKITE DAUGIAU<\/span><\/div><\/a><\/div>[\/vc_column_inner][vc_column_inner width=&#8221;1\/4&#8243;]<div class=\"krown-text-icon style-three\"><a class=\"icon-wrap\" href=\"\/lt\/services\" target=\"_blank\"><i class=\"krown-icon-about_us\" style=\"color:#a1a1a1\"><\/i><hr \/><h3>Konsultacijos<\/h3><div class=\"krown-button-holder\"><span class=\"krown-button normal color\">SKAITYKITE DAUGIAU<\/span><\/div><\/a><\/div>[\/vc_column_inner][\/vc_row_inner][\/vc_column][\/vc_row][vc_row bg_image=&#8221;1407&#8243; bg_image_repeat=&#8221;cover&#8221;][vc_column][vc_text_separator title=&#8221;Paskutin\u0117s naujienos&#8221; margin=&#8221;35&#8243; subtitle=&#8221;The best quality for the best price&#8221; align=&#8221;align-center&#8221; style=&#8221;style-normal&#8221; height=&#8221;100&#8243; css_animation_speed=&#8221;faster&#8221; css_animation_delay=&#8221;0&#8243;]<div class=\"krown-latest-posts classic carousel\" data-visible=\"four\"><div class=\"post-nav\"><a class=\"btn-prev\" href=\"#\"><\/a><a class=\"btn-next\" href=\"#\"><\/a><\/div><div class=\"inner\">\r\n\t\r\n\t<ul class=\"posts-grid clearfix cfour\"><li class=\"item\"><a href=\"https:\/\/www.eximagent.eu\/lt\/vynoturizmaspatrai\/\" class=\"post-img-link standard\"><img loading=\"lazy\" decoding=\"async\" class=\"post-img\" src=\"https:\/\/www.eximagent.eu\/cms\/app\/themes\/better\/images\/blank_2.gif\" width=\"210\" height=\"160\" alt=\"VYNO TURIZMAS &#8220;SKVN PATRAI VYNO KELIAS&#8221;\" \/><\/a><a href=\"https:\/\/www.eximagent.eu\/lt\/vynoturizmaspatrai\/\"><h3>VYNO TURIZMAS &#8220;SKVN PATRAI VYNO KELIAS&#8221;<\/h3><\/a>\r\n\t\t<time pubdate datetime=\"2020-05-29T11:31:36+03:00\">May 29, 2020<\/time><p>Kiekvien\u0105 antradien\u012f &nbsp;Aigialeia regiono (Achaia, Graikija) vyno darykla organizuoja ekskursij\u0105, kuri prasideda Mamousia vynuogynuose. Per ...<\/p><\/li><li class=\"item\"><a href=\"https:\/\/www.eximagent.eu\/winetour\/\" class=\"post-img-link standard\"><img loading=\"lazy\" decoding=\"async\" class=\"post-img\" src=\"https:\/\/www.eximagent.eu\/cms\/app\/themes\/better\/images\/blank_2.gif\" width=\"210\" height=\"160\" alt=\"WINE TOUR &#8220;PDO Patras Wine Road&#8221;\" \/><\/a><a href=\"https:\/\/www.eximagent.eu\/winetour\/\"><h3>WINE TOUR &#8220;PDO Patras Wine Road&#8221;<\/h3><\/a>\r\n\t\t<time pubdate datetime=\"2020-05-29T10:57:53+03:00\">May 29, 2020<\/time><p>Every Tuesday the excursion organised by Winery in Aigialeia starts in thevineyards of Mamousia where ...<\/p><\/li><li class=\"item\"><a href=\"https:\/\/www.eximagent.eu\/lt\/https-www-eximagent-eu-pasivaiksciojimaipopatrus\/\" class=\"post-img-link standard\"><img loading=\"lazy\" decoding=\"async\" class=\"post-img\" src=\"https:\/\/www.eximagent.eu\/cms\/app\/themes\/better\/images\/blank_2.gif\" width=\"210\" height=\"160\" alt=\"PA\u017dINK PATRUS\" \/><\/a><a href=\"https:\/\/www.eximagent.eu\/lt\/https-www-eximagent-eu-pasivaiksciojimaipopatrus\/\"><h3>PA\u017dINK PATRUS<\/h3><\/a>\r\n\t\t<time pubdate datetime=\"2020-05-29T08:37:09+03:00\">May 29, 2020<\/time><p>Patras Discovery &#8211; tai lietuv\u0117s kelioni\u0173 agent\u0117s turizmo paslaugos Graikijos Patr\u0173 regione ir Peloponese. Regionui ...<\/p><\/li><li class=\"item\"><a href=\"https:\/\/www.eximagent.eu\/https-www-eximagent-eu-patrasfreewalk\/\" class=\"post-img-link standard\"><img loading=\"lazy\" decoding=\"async\" class=\"post-img\" src=\"https:\/\/www.eximagent.eu\/cms\/app\/themes\/better\/images\/blank_2.gif\" width=\"210\" height=\"160\" alt=\"PATRAS DISCOVERY\" \/><\/a><a href=\"https:\/\/www.eximagent.eu\/https-www-eximagent-eu-patrasfreewalk\/\"><h3>PATRAS DISCOVERY<\/h3><\/a>\r\n\t\t<time pubdate datetime=\"2020-05-29T08:37:09+03:00\">May 29, 2020<\/time><p>Patras Discovery &#8211; it is a travel project of Lithuanian travel sales agent to discover ...<\/p><\/li><li class=\"item\"><a href=\"https:\/\/www.eximagent.eu\/new-role-of-greece-in-food-beverage-trade-field-confronting-new-labour-production-and-supply-conditions-in-europe-with-covid-19-underneath\/\" class=\"post-img-link standard\"><img loading=\"lazy\" decoding=\"async\" class=\"post-img\" src=\"https:\/\/www.eximagent.eu\/cms\/app\/themes\/better\/images\/blank_2.gif\" width=\"210\" height=\"160\" alt=\"New role of Greece in Food &#038; Beverage trade field confronting new  labour, production and supply conditions in Europe with COVID-19 underneath.\" \/><\/a><a href=\"https:\/\/www.eximagent.eu\/new-role-of-greece-in-food-beverage-trade-field-confronting-new-labour-production-and-supply-conditions-in-europe-with-covid-19-underneath\/\"><h3>New role of Greece in Food &#038; Beverage trade field confronting new  labour, production and supply conditions in Europe with COVID-19 underneath.<\/h3><\/a>\r\n\t\t<time pubdate datetime=\"2020-05-13T07:42:12+03:00\">May 13, 2020<\/time><p>During the last five years I am working on export of Greek Food and agricultural ...<\/p><\/li><li class=\"item\"><a href=\"https:\/\/www.eximagent.eu\/seeking-qualified-software-developers\/\" class=\"post-img-link standard\"><img loading=\"lazy\" decoding=\"async\" class=\"post-img\" src=\"https:\/\/www.eximagent.eu\/cms\/app\/themes\/better\/images\/blank_2.gif\" width=\"210\" height=\"160\" alt=\"Announcement: Seeking qualified software developers\" \/><\/a><a href=\"https:\/\/www.eximagent.eu\/seeking-qualified-software-developers\/\"><h3>Announcement: Seeking qualified software developers<\/h3><\/a>\r\n\t\t<time pubdate datetime=\"2017-12-20T21:20:07+02:00\">December 20, 2017<\/time><p>We are in process of establishing a software consulting company, which will provide software development ...<\/p><\/li><li class=\"item\"><a href=\"https:\/\/www.eximagent.eu\/adventure-holidays-in-greece\/\" class=\"post-img-link standard\"><img loading=\"lazy\" decoding=\"async\" class=\"post-img\" src=\"https:\/\/www.eximagent.eu\/cms\/app\/themes\/better\/images\/blank_2.gif\" width=\"210\" height=\"160\" alt=\"Adventure holidays in Greece\" \/><\/a><a href=\"https:\/\/www.eximagent.eu\/adventure-holidays-in-greece\/\"><h3>Adventure holidays in Greece<\/h3><\/a>\r\n\t\t<time pubdate datetime=\"2016-04-11T13:50:07+03:00\">April 11, 2016<\/time><p>Come to Philoxenia apartments to experience adventure, sea, mountains, authentic not discovered spot of Greece, ...<\/p><\/li><li class=\"item\"><a href=\"https:\/\/www.eximagent.eu\/lithuania-a-country-that-grows-while-it-is-growing\/\" class=\"post-img-link video\"><img loading=\"lazy\" decoding=\"async\" class=\"post-img\" src=\"https:\/\/www.eximagent.eu\/cms\/app\/themes\/better\/images\/blank_2.gif\" width=\"210\" height=\"160\" alt=\"Lithuania &#8211; a country that grows while it is growing\" \/><\/a><a href=\"https:\/\/www.eximagent.eu\/lithuania-a-country-that-grows-while-it-is-growing\/\"><h3>Lithuania &#8211; a country that grows while it is growing<\/h3><\/a>\r\n\t\t<time pubdate datetime=\"2016-01-11T16:11:23+02:00\">January 11, 2016<\/time><p> ...<\/p><\/li><li class=\"item\"><a href=\"https:\/\/www.facebook.com\/EXIM-agent-924956334261970\/?ref=aymt_homepage_panel\" class=\"post-img-link link\"><img loading=\"lazy\" decoding=\"async\" class=\"post-img\" src=\"https:\/\/www.eximagent.eu\/cms\/app\/themes\/better\/images\/blank_2.gif\" width=\"210\" height=\"160\" alt=\"Exim agent is on Facebook\" \/><\/a><a href=\"https:\/\/www.facebook.com\/EXIM-agent-924956334261970\/?ref=aymt_homepage_panel\"><h3>Exim agent is on Facebook<\/h3><\/a>\r\n\t\t<time pubdate datetime=\"2015-10-05T09:59:45+03:00\">October 5, 2015<\/time><p>From now on you can follow us in Facebook. We will publish all important news ...<\/p><\/li><li class=\"item\"><a href=\"https:\/\/www.eximagent.eu\/exim-agent-starts-work-in-poland-and-egypt\/\" class=\"post-img-link standard\"><img loading=\"lazy\" decoding=\"async\" class=\"post-img\" src=\"https:\/\/www.eximagent.eu\/cms\/app\/themes\/better\/images\/blank_2.gif\" width=\"210\" height=\"160\" alt=\"EXIM agent starts work in Poland and Egypt\" \/><\/a><a href=\"https:\/\/www.eximagent.eu\/exim-agent-starts-work-in-poland-and-egypt\/\"><h3>EXIM agent starts work in Poland and Egypt<\/h3><\/a>\r\n\t\t<time pubdate datetime=\"2013-12-17T13:28:25+02:00\">December 17, 2013<\/time><p>Our team has a new member who speaks Polish, Russian, Lithuanian, English and Arabic. We ...<\/p><\/li><li class=\"item\"><a href=\"https:\/\/www.eximagent.eu\/what-is-the-role-of-the-export-agent\/\" class=\"post-img-link standard\"><img loading=\"lazy\" decoding=\"async\" class=\"post-img\" src=\"https:\/\/www.eximagent.eu\/cms\/app\/themes\/better\/images\/blank_2.gif\" width=\"210\" height=\"160\" alt=\"What is the role of the export agent?\" \/><\/a><a href=\"https:\/\/www.eximagent.eu\/what-is-the-role-of-the-export-agent\/\"><h3>What is the role of the export agent?<\/h3><\/a>\r\n\t\t<time pubdate datetime=\"2013-12-16T07:42:31+02:00\">December 16, 2013<\/time><p>Let us begin by defining an export agent. An export agent is a firm (or ...<\/p><\/li><li class=\"item\"><a href=\"https:\/\/www.eximagent.eu\/standard-post-2\/\" class=\"post-img-link standard\"><img loading=\"lazy\" decoding=\"async\" class=\"post-img\" src=\"https:\/\/www.eximagent.eu\/cms\/app\/themes\/better\/images\/blank_2.gif\" width=\"210\" height=\"160\" alt=\"Wheel bearings &#8220;Kramme&#8221; brand name with all supply and collecting system is on sale in very attractive conditions\" \/><\/a><a href=\"https:\/\/www.eximagent.eu\/standard-post-2\/\"><h3>Wheel bearings &#8220;Kramme&#8221; brand name with all supply and collecting system is on sale in very attractive conditions<\/h3><\/a>\r\n\t\t<time pubdate datetime=\"2013-12-15T16:12:21+02:00\">December 15, 2013<\/time><p>It was patent in 2006 in Lithuania. From 2008 it was successfully sold in Lithuania, ...<\/p><\/li><\/ul><\/div><\/div>[\/vc_column][\/vc_row]<\/p>\n<\/div>","protected":false},"excerpt":{"rendered":"<p>[vc_row][vc_column][vc_text_separator title=&#8221;M\u016aS\u0172 PASLAUGOS&#8221; margin=&#8221;35&#8243; subtitle=&#8221;The best quality for the best price&#8221; align=&#8221;align-center&#8221; style=&#8221;style-normal&#8221; height=&#8221;100&#8243; css_animation_speed=&#8221;faster&#8221; &#8230;<\/p>\n","protected":false},"author":4,"featured_media":0,"parent":0,"menu_order":0,"comment_status":"closed","ping_status":"closed","template":"template-slider.php","meta":{"footnotes":""},"class_list":["post-4521","page","type-page","status-publish","hentry"],"yoast_head":"<!-- This site is optimized with the Yoast SEO plugin v27.0 - https:\/\/yoast.com\/product\/yoast-seo-wordpress\/ -->\n<title>Pagrindinis - EXIM Agent<\/title>\n<meta name=\"description\" content=\"Eksporto &amp; importo Profesionalas kurio ie\u0161ko J\u016bs\u0173 kompanija.\" \/>\n<meta name=\"robots\" content=\"index, follow, max-snippet:-1, max-image-preview:large, max-video-preview:-1\" \/>\n<link rel=\"canonical\" href=\"https:\/\/www.eximagent.eu\/lt\/\" \/>\n<meta property=\"og:locale\" content=\"lt_LT\" \/>\n<meta property=\"og:type\" content=\"article\" \/>\n<meta property=\"og:title\" content=\"Pagrindinis - EXIM Agent\" \/>\n<meta property=\"og:description\" content=\"Eksporto &amp; importo Profesionalas kurio ie\u0161ko J\u016bs\u0173 kompanija.\" \/>\n<meta property=\"og:url\" content=\"https:\/\/www.eximagent.eu\/lt\/\" \/>\n<meta property=\"og:site_name\" content=\"EXIM Agent\" \/>\n<meta property=\"article:publisher\" content=\"https:\/\/www.facebook.com\/EXIM-agent-924956334261970\" \/>\n<meta property=\"article:modified_time\" content=\"2015-11-20T09:25:31+00:00\" \/>\n<meta name=\"twitter:card\" content=\"summary_large_image\" \/>\n<meta name=\"twitter:label1\" content=\"Est. reading time\" \/>\n\t<meta name=\"twitter:data1\" content=\"1 minute\" \/>\n<script type=\"application\/ld+json\" class=\"yoast-schema-graph\">{\"@context\":\"https:\/\/schema.org\",\"@graph\":[{\"@type\":\"WebPage\",\"@id\":\"https:\/\/www.eximagent.eu\/lt\/\",\"url\":\"https:\/\/www.eximagent.eu\/lt\/\",\"name\":\"Pagrindinis - EXIM Agent\",\"isPartOf\":{\"@id\":\"https:\/\/www.eximagent.eu\/#website\"},\"datePublished\":\"2014-06-18T03:31:14+00:00\",\"dateModified\":\"2015-11-20T09:25:31+00:00\",\"description\":\"Eksporto & importo Profesionalas kurio ie\u0161ko J\u016bs\u0173 kompanija.\",\"breadcrumb\":{\"@id\":\"https:\/\/www.eximagent.eu\/lt\/#breadcrumb\"},\"inLanguage\":\"lt\",\"potentialAction\":[{\"@type\":\"ReadAction\",\"target\":[\"https:\/\/www.eximagent.eu\/lt\/\"]}]},{\"@type\":\"BreadcrumbList\",\"@id\":\"https:\/\/www.eximagent.eu\/lt\/#breadcrumb\",\"itemListElement\":[{\"@type\":\"ListItem\",\"position\":1,\"name\":\"Home\",\"item\":\"https:\/\/www.eximagent.eu\/lt\/\"},{\"@type\":\"ListItem\",\"position\":2,\"name\":\"Pagrindinis\"}]},{\"@type\":\"WebSite\",\"@id\":\"https:\/\/www.eximagent.eu\/#website\",\"url\":\"https:\/\/www.eximagent.eu\/\",\"name\":\"EXIM Agent\",\"description\":\"Import Export Agent\",\"potentialAction\":[{\"@type\":\"SearchAction\",\"target\":{\"@type\":\"EntryPoint\",\"urlTemplate\":\"https:\/\/www.eximagent.eu\/?s={search_term_string}\"},\"query-input\":{\"@type\":\"PropertyValueSpecification\",\"valueRequired\":true,\"valueName\":\"search_term_string\"}}],\"inLanguage\":\"lt\"}]}<\/script>\n<!-- \/ Yoast SEO plugin. -->","yoast_head_json":{"title":"Pagrindinis - EXIM Agent","description":"Eksporto & importo Profesionalas kurio ie\u0161ko J\u016bs\u0173 kompanija.","robots":{"index":"index","follow":"follow","max-snippet":"max-snippet:-1","max-image-preview":"max-image-preview:large","max-video-preview":"max-video-preview:-1"},"canonical":"https:\/\/www.eximagent.eu\/lt\/","og_locale":"lt_LT","og_type":"article","og_title":"Pagrindinis - EXIM Agent","og_description":"Eksporto & importo Profesionalas kurio ie\u0161ko J\u016bs\u0173 kompanija.","og_url":"https:\/\/www.eximagent.eu\/lt\/","og_site_name":"EXIM Agent","article_publisher":"https:\/\/www.facebook.com\/EXIM-agent-924956334261970","article_modified_time":"2015-11-20T09:25:31+00:00","twitter_card":"summary_large_image","twitter_misc":{"Est. reading time":"1 minute"},"schema":{"@context":"https:\/\/schema.org","@graph":[{"@type":"WebPage","@id":"https:\/\/www.eximagent.eu\/lt\/","url":"https:\/\/www.eximagent.eu\/lt\/","name":"Pagrindinis - EXIM Agent","isPartOf":{"@id":"https:\/\/www.eximagent.eu\/#website"},"datePublished":"2014-06-18T03:31:14+00:00","dateModified":"2015-11-20T09:25:31+00:00","description":"Eksporto & importo Profesionalas kurio ie\u0161ko J\u016bs\u0173 kompanija.","breadcrumb":{"@id":"https:\/\/www.eximagent.eu\/lt\/#breadcrumb"},"inLanguage":"lt","potentialAction":[{"@type":"ReadAction","target":["https:\/\/www.eximagent.eu\/lt\/"]}]},{"@type":"BreadcrumbList","@id":"https:\/\/www.eximagent.eu\/lt\/#breadcrumb","itemListElement":[{"@type":"ListItem","position":1,"name":"Home","item":"https:\/\/www.eximagent.eu\/lt\/"},{"@type":"ListItem","position":2,"name":"Pagrindinis"}]},{"@type":"WebSite","@id":"https:\/\/www.eximagent.eu\/#website","url":"https:\/\/www.eximagent.eu\/","name":"EXIM Agent","description":"Import Export Agent","potentialAction":[{"@type":"SearchAction","target":{"@type":"EntryPoint","urlTemplate":"https:\/\/www.eximagent.eu\/?s={search_term_string}"},"query-input":{"@type":"PropertyValueSpecification","valueRequired":true,"valueName":"search_term_string"}}],"inLanguage":"lt"}]}},"_links":{"self":[{"href":"https:\/\/www.eximagent.eu\/lt\/wp-json\/wp\/v2\/pages\/4521","targetHints":{"allow":["GET"]}}],"collection":[{"href":"https:\/\/www.eximagent.eu\/lt\/wp-json\/wp\/v2\/pages"}],"about":[{"href":"https:\/\/www.eximagent.eu\/lt\/wp-json\/wp\/v2\/types\/page"}],"author":[{"embeddable":true,"href":"https:\/\/www.eximagent.eu\/lt\/wp-json\/wp\/v2\/users\/4"}],"replies":[{"embeddable":true,"href":"https:\/\/www.eximagent.eu\/lt\/wp-json\/wp\/v2\/comments?post=4521"}],"version-history":[{"count":0,"href":"https:\/\/www.eximagent.eu\/lt\/wp-json\/wp\/v2\/pages\/4521\/revisions"}],"wp:attachment":[{"href":"https:\/\/www.eximagent.eu\/lt\/wp-json\/wp\/v2\/media?parent=4521"}],"curies":[{"name":"wp","href":"https:\/\/api.w.org\/{rel}","templated":true}]}}