{"id":4568,"date":"2014-06-18T06:31:14","date_gmt":"2014-06-18T03:31:14","guid":{"rendered":"http:\/\/www.eximagent.eu\/ru\/?page_id=4568"},"modified":"2015-11-26T11:29:07","modified_gmt":"2015-11-26T09:29:07","slug":"%d0%b3%d0%bb%d0%b0%d0%b2%d0%bd%d0%b0%d1%8f","status":"publish","type":"page","link":"https:\/\/www.eximagent.eu\/ru\/","title":{"rendered":"\u0413\u043b\u0430\u0432\u043d\u0430\u044f"},"content":{"rendered":"<div class=\"wpb-content-wrapper\"><p>[vc_row][vc_column][vc_text_separator title=&#187;\u041d\u0410\u0428\u0418 \u0423\u0421\u041b\u0423\u0413\u0418&#187; margin=&#187;35&#8243; subtitle=&#187;The best quality for the best price&#187; align=&#187;align-center&#187; style=&#187;style-normal&#187; height=&#187;100&#8243; css_animation_speed=&#187;faster&#187; css_animation_delay=&#187;0&#8243;][vc_row_inner][vc_column_inner width=&#187;1\/4&#8243;]<div class=\"krown-text-icon style-three\"><a class=\"icon-wrap\" href=\"\/ru\/services\" target=\"_blank\"><i class=\"krown-icon-logout\" style=\"color:#a1a1a1\"><\/i><hr \/><h3>\u042d\u043a\u0441\u043f\u043e\u0440\u0442<\/h3><div class=\"krown-button-holder\"><span class=\"krown-button normal color\">\u0427\u0418\u0422\u0410\u0422\u042c \u0414\u0410\u041b\u0415\u0415<\/span><\/div><\/a><\/div>[\/vc_column_inner][vc_column_inner width=&#187;1\/4&#8243;]<div class=\"krown-text-icon style-three\"><a class=\"icon-wrap\" href=\"\/ru\/services\" target=\"_blank\"><i class=\"krown-icon-login\" style=\"color:#a1a1a1\"><\/i><hr \/><h3>\u0418\u043c\u043f\u043e\u0440\u0442<\/h3><div class=\"krown-button-holder\"><span class=\"krown-button normal color\">\u0427\u0418\u0422\u0410\u0422\u042c \u0414\u0410\u041b\u0415\u0415<\/span><\/div><\/a><\/div>[\/vc_column_inner][vc_column_inner width=&#187;1\/4&#8243;]<div class=\"krown-text-icon style-three\"><a class=\"icon-wrap\" href=\"\/ru\/services\" target=\"_blank\"><i class=\"krown-icon-search\" style=\"color:#a1a1a1\"><\/i><hr \/><h3>\u0418\u0441\u0441\u043b\u0435\u0434\u043e\u0432\u0430\u043d\u0438\u044f<\/h3><div class=\"krown-button-holder\"><span class=\"krown-button normal color\">\u0427\u0418\u0422\u0410\u0422\u042c \u0414\u0410\u041b\u0415\u0415<\/span><\/div><\/a><\/div>[\/vc_column_inner][vc_column_inner width=&#187;1\/4&#8243;]<div class=\"krown-text-icon style-three\"><a class=\"icon-wrap\" href=\"\/ru\/services\" target=\"_blank\"><i class=\"krown-icon-about_us\" style=\"color:#a1a1a1\"><\/i><hr \/><h3>\u041a\u043e\u043d\u0441\u0443\u043b\u044c\u0442\u0430\u0446\u0438\u0438<\/h3><div class=\"krown-button-holder\"><span class=\"krown-button normal color\">\u0427\u0418\u0422\u0410\u0422\u042c \u0414\u0410\u041b\u0415\u0415<\/span><\/div><\/a><\/div>[\/vc_column_inner][\/vc_row_inner][\/vc_column][\/vc_row][vc_row bg_image=&#187;1407&#8243; bg_image_repeat=&#187;cover&#187;][vc_column][vc_text_separator title=&#187;\u041f\u043e\u0441\u043b\u0435\u0434\u043d\u0438\u0435 \u043d\u043e\u0432\u043e\u0441\u0442\u0438&#187; margin=&#187;35&#8243; subtitle=&#187;The best quality for the best price&#187; align=&#187;align-center&#187; style=&#187;style-normal&#187; height=&#187;100&#8243; css_animation_speed=&#187;faster&#187; css_animation_delay=&#187;0&#8243;]<div class=\"krown-latest-posts classic carousel\" data-visible=\"four\"><div class=\"post-nav\"><a class=\"btn-prev\" href=\"#\"><\/a><a class=\"btn-next\" href=\"#\"><\/a><\/div><div class=\"inner\">\r\n\t\r\n\t<ul class=\"posts-grid clearfix cfour\"><li class=\"item\"><a href=\"https:\/\/www.eximagent.eu\/lt\/vynoturizmaspatrai\/\" class=\"post-img-link standard\"><img loading=\"lazy\" decoding=\"async\" class=\"post-img\" src=\"https:\/\/www.eximagent.eu\/cms\/app\/themes\/better\/images\/blank_2.gif\" width=\"210\" height=\"160\" alt=\"VYNO TURIZMAS &#171;SKVN PATRAI VYNO KELIAS&#187;\" \/><\/a><a href=\"https:\/\/www.eximagent.eu\/lt\/vynoturizmaspatrai\/\"><h3>VYNO TURIZMAS &#171;SKVN PATRAI VYNO KELIAS&#187;<\/h3><\/a>\r\n\t\t<time pubdate datetime=\"2020-05-29T11:31:36+03:00\">29 \u043c\u0430\u044f, 2020<\/time><p>Kiekvien\u0105 antradien\u012f &nbsp;Aigialeia regiono (Achaia, Graikija) vyno darykla organizuoja ekskursij\u0105, kuri prasideda Mamousia vynuogynuose. Per ...<\/p><\/li><li class=\"item\"><a href=\"https:\/\/www.eximagent.eu\/winetour\/\" class=\"post-img-link standard\"><img loading=\"lazy\" decoding=\"async\" class=\"post-img\" src=\"https:\/\/www.eximagent.eu\/cms\/app\/themes\/better\/images\/blank_2.gif\" width=\"210\" height=\"160\" alt=\"WINE TOUR &#171;PDO Patras Wine Road&#187;\" \/><\/a><a href=\"https:\/\/www.eximagent.eu\/winetour\/\"><h3>WINE TOUR &#171;PDO Patras Wine Road&#187;<\/h3><\/a>\r\n\t\t<time pubdate datetime=\"2020-05-29T10:57:53+03:00\">29 \u043c\u0430\u044f, 2020<\/time><p>Every Tuesday the excursion organised by Winery in Aigialeia starts in thevineyards of Mamousia where ...<\/p><\/li><li class=\"item\"><a href=\"https:\/\/www.eximagent.eu\/lt\/https-www-eximagent-eu-pasivaiksciojimaipopatrus\/\" class=\"post-img-link standard\"><img loading=\"lazy\" decoding=\"async\" class=\"post-img\" src=\"https:\/\/www.eximagent.eu\/cms\/app\/themes\/better\/images\/blank_2.gif\" width=\"210\" height=\"160\" alt=\"PA\u017dINK PATRUS\" \/><\/a><a href=\"https:\/\/www.eximagent.eu\/lt\/https-www-eximagent-eu-pasivaiksciojimaipopatrus\/\"><h3>PA\u017dINK PATRUS<\/h3><\/a>\r\n\t\t<time pubdate datetime=\"2020-05-29T08:37:09+03:00\">29 \u043c\u0430\u044f, 2020<\/time><p>Patras Discovery &#8212; tai lietuv\u0117s kelioni\u0173 agent\u0117s turizmo paslaugos Graikijos Patr\u0173 regione ir Peloponese. Regionui ...<\/p><\/li><li class=\"item\"><a href=\"https:\/\/www.eximagent.eu\/https-www-eximagent-eu-patrasfreewalk\/\" class=\"post-img-link standard\"><img loading=\"lazy\" decoding=\"async\" class=\"post-img\" src=\"https:\/\/www.eximagent.eu\/cms\/app\/themes\/better\/images\/blank_2.gif\" width=\"210\" height=\"160\" alt=\"PATRAS DISCOVERY\" \/><\/a><a href=\"https:\/\/www.eximagent.eu\/https-www-eximagent-eu-patrasfreewalk\/\"><h3>PATRAS DISCOVERY<\/h3><\/a>\r\n\t\t<time pubdate datetime=\"2020-05-29T08:37:09+03:00\">29 \u043c\u0430\u044f, 2020<\/time><p>Patras Discovery &#8212; it is a travel project of Lithuanian travel sales agent to discover ...<\/p><\/li><li class=\"item\"><a href=\"https:\/\/www.eximagent.eu\/new-role-of-greece-in-food-beverage-trade-field-confronting-new-labour-production-and-supply-conditions-in-europe-with-covid-19-underneath\/\" class=\"post-img-link standard\"><img loading=\"lazy\" decoding=\"async\" class=\"post-img\" src=\"https:\/\/www.eximagent.eu\/cms\/app\/themes\/better\/images\/blank_2.gif\" width=\"210\" height=\"160\" alt=\"New role of Greece in Food &#038; Beverage trade field confronting new  labour, production and supply conditions in Europe with COVID-19 underneath.\" \/><\/a><a href=\"https:\/\/www.eximagent.eu\/new-role-of-greece-in-food-beverage-trade-field-confronting-new-labour-production-and-supply-conditions-in-europe-with-covid-19-underneath\/\"><h3>New role of Greece in Food &#038; Beverage trade field confronting new  labour, production and supply conditions in Europe with COVID-19 underneath.<\/h3><\/a>\r\n\t\t<time pubdate datetime=\"2020-05-13T07:42:12+03:00\">13 \u043c\u0430\u044f, 2020<\/time><p>During the last five years I am working on export of Greek Food and agricultural ...<\/p><\/li><li class=\"item\"><a href=\"https:\/\/www.eximagent.eu\/seeking-qualified-software-developers\/\" class=\"post-img-link standard\"><img loading=\"lazy\" decoding=\"async\" class=\"post-img\" src=\"https:\/\/www.eximagent.eu\/cms\/app\/themes\/better\/images\/blank_2.gif\" width=\"210\" height=\"160\" alt=\"Announcement: Seeking qualified software developers\" \/><\/a><a href=\"https:\/\/www.eximagent.eu\/seeking-qualified-software-developers\/\"><h3>Announcement: Seeking qualified software developers<\/h3><\/a>\r\n\t\t<time pubdate datetime=\"2017-12-20T21:20:07+02:00\">20 \u0434\u0435\u043a\u0430\u0431\u0440\u044f, 2017<\/time><p>We are in process of establishing a software consulting company, which will provide software development ...<\/p><\/li><li class=\"item\"><a href=\"https:\/\/www.eximagent.eu\/adventure-holidays-in-greece\/\" class=\"post-img-link standard\"><img loading=\"lazy\" decoding=\"async\" class=\"post-img\" src=\"https:\/\/www.eximagent.eu\/cms\/app\/themes\/better\/images\/blank_2.gif\" width=\"210\" height=\"160\" alt=\"Adventure holidays in Greece\" \/><\/a><a href=\"https:\/\/www.eximagent.eu\/adventure-holidays-in-greece\/\"><h3>Adventure holidays in Greece<\/h3><\/a>\r\n\t\t<time pubdate datetime=\"2016-04-11T13:50:07+03:00\">11 \u0430\u043f\u0440\u0435\u043b\u044f, 2016<\/time><p>Come to Philoxenia apartments to experience adventure, sea, mountains, authentic not discovered spot of Greece, ...<\/p><\/li><li class=\"item\"><a href=\"https:\/\/www.eximagent.eu\/lithuania-a-country-that-grows-while-it-is-growing\/\" class=\"post-img-link video\"><img loading=\"lazy\" decoding=\"async\" class=\"post-img\" src=\"https:\/\/www.eximagent.eu\/cms\/app\/themes\/better\/images\/blank_2.gif\" width=\"210\" height=\"160\" alt=\"Lithuania &#8212; a country that grows while it is growing\" \/><\/a><a href=\"https:\/\/www.eximagent.eu\/lithuania-a-country-that-grows-while-it-is-growing\/\"><h3>Lithuania &#8212; a country that grows while it is growing<\/h3><\/a>\r\n\t\t<time pubdate datetime=\"2016-01-11T16:11:23+02:00\">11 \u044f\u043d\u0432\u0430\u0440\u044f, 2016<\/time><p> ...<\/p><\/li><li class=\"item\"><a href=\"https:\/\/www.facebook.com\/EXIM-agent-924956334261970\/?ref=aymt_homepage_panel\" class=\"post-img-link link\"><img loading=\"lazy\" decoding=\"async\" class=\"post-img\" src=\"https:\/\/www.eximagent.eu\/cms\/app\/themes\/better\/images\/blank_2.gif\" width=\"210\" height=\"160\" alt=\"Exim agent is on Facebook\" \/><\/a><a href=\"https:\/\/www.facebook.com\/EXIM-agent-924956334261970\/?ref=aymt_homepage_panel\"><h3>Exim agent is on Facebook<\/h3><\/a>\r\n\t\t<time pubdate datetime=\"2015-10-05T09:59:45+03:00\">5 \u043e\u043a\u0442\u044f\u0431\u0440\u044f, 2015<\/time><p>From now on you can follow us in Facebook. We will publish all important news ...<\/p><\/li><li class=\"item\"><a href=\"https:\/\/www.eximagent.eu\/exim-agent-starts-work-in-poland-and-egypt\/\" class=\"post-img-link standard\"><img loading=\"lazy\" decoding=\"async\" class=\"post-img\" src=\"https:\/\/www.eximagent.eu\/cms\/app\/themes\/better\/images\/blank_2.gif\" width=\"210\" height=\"160\" alt=\"EXIM agent starts work in Poland and Egypt\" \/><\/a><a href=\"https:\/\/www.eximagent.eu\/exim-agent-starts-work-in-poland-and-egypt\/\"><h3>EXIM agent starts work in Poland and Egypt<\/h3><\/a>\r\n\t\t<time pubdate datetime=\"2013-12-17T13:28:25+02:00\">17 \u0434\u0435\u043a\u0430\u0431\u0440\u044f, 2013<\/time><p>Our team has a new member who speaks Polish, Russian, Lithuanian, English and Arabic. We ...<\/p><\/li><li class=\"item\"><a href=\"https:\/\/www.eximagent.eu\/what-is-the-role-of-the-export-agent\/\" class=\"post-img-link standard\"><img loading=\"lazy\" decoding=\"async\" class=\"post-img\" src=\"https:\/\/www.eximagent.eu\/cms\/app\/themes\/better\/images\/blank_2.gif\" width=\"210\" height=\"160\" alt=\"What is the role of the export agent?\" \/><\/a><a href=\"https:\/\/www.eximagent.eu\/what-is-the-role-of-the-export-agent\/\"><h3>What is the role of the export agent?<\/h3><\/a>\r\n\t\t<time pubdate datetime=\"2013-12-16T07:42:31+02:00\">16 \u0434\u0435\u043a\u0430\u0431\u0440\u044f, 2013<\/time><p>Let us begin by defining an export agent. An export agent is a firm (or ...<\/p><\/li><li class=\"item\"><a href=\"https:\/\/www.eximagent.eu\/standard-post-2\/\" class=\"post-img-link standard\"><img loading=\"lazy\" decoding=\"async\" class=\"post-img\" src=\"https:\/\/www.eximagent.eu\/cms\/app\/themes\/better\/images\/blank_2.gif\" width=\"210\" height=\"160\" alt=\"Wheel bearings &#171;Kramme&#187; brand name with all supply and collecting system is on sale in very attractive conditions\" \/><\/a><a href=\"https:\/\/www.eximagent.eu\/standard-post-2\/\"><h3>Wheel bearings &#171;Kramme&#187; brand name with all supply and collecting system is on sale in very attractive conditions<\/h3><\/a>\r\n\t\t<time pubdate datetime=\"2013-12-15T16:12:21+02:00\">15 \u0434\u0435\u043a\u0430\u0431\u0440\u044f, 2013<\/time><p>It was patent in 2006 in Lithuania. From 2008 it was successfully sold in Lithuania, ...<\/p><\/li><\/ul><\/div><\/div>[\/vc_column][\/vc_row]<\/p>\n<\/div>","protected":false},"excerpt":{"rendered":"<p>[vc_row][vc_column][vc_text_separator title=&#187;\u041d\u0410\u0428\u0418 \u0423\u0421\u041b\u0423\u0413\u0418&#187; margin=&#187;35&#8243; subtitle=&#187;The best quality for the best price&#187; align=&#187;align-center&#187; style=&#187;style-normal&#187; height=&#187;100&#8243; css_animation_speed=&#187;faster&#187; &#8230;<\/p>\n","protected":false},"author":4,"featured_media":0,"parent":0,"menu_order":0,"comment_status":"closed","ping_status":"closed","template":"template-slider.php","meta":{"footnotes":""},"class_list":["post-4568","page","type-page","status-publish","hentry"],"yoast_head":"<!-- This site is optimized with the Yoast SEO plugin v27.0 - https:\/\/yoast.com\/product\/yoast-seo-wordpress\/ -->\n<title>\u0413\u043b\u0430\u0432\u043d\u0430\u044f - EXIM Agent<\/title>\n<meta name=\"description\" content=\"\u042d\u043a\u0441\u043f\u043e\u0440\u0442 &amp; \u0418\u043c\u043f\u043e\u0440\u0442 \u041f\u0440\u043e\u0444\u0435\u0441\u0441\u0438\u043e\u043d\u0430\u043b \u043a\u043e\u0442\u043e\u0440\u0433\u043e\u00a0 \u0438\u0449\u0435\u0442 \u0412\u0430\u0448\u0430 \u043a\u043e\u043c\u043f\u0430\u043d\u0438\u044f.\" \/>\n<meta name=\"robots\" content=\"index, follow, max-snippet:-1, max-image-preview:large, max-video-preview:-1\" \/>\n<link rel=\"canonical\" href=\"https:\/\/www.eximagent.eu\/ru\/\" \/>\n<meta property=\"og:locale\" content=\"ru_RU\" \/>\n<meta property=\"og:type\" content=\"article\" \/>\n<meta property=\"og:title\" content=\"\u0413\u043b\u0430\u0432\u043d\u0430\u044f - EXIM Agent\" \/>\n<meta property=\"og:description\" content=\"\u042d\u043a\u0441\u043f\u043e\u0440\u0442 &amp; \u0418\u043c\u043f\u043e\u0440\u0442 \u041f\u0440\u043e\u0444\u0435\u0441\u0441\u0438\u043e\u043d\u0430\u043b \u043a\u043e\u0442\u043e\u0440\u0433\u043e\u00a0 \u0438\u0449\u0435\u0442 \u0412\u0430\u0448\u0430 \u043a\u043e\u043c\u043f\u0430\u043d\u0438\u044f.\" \/>\n<meta property=\"og:url\" content=\"https:\/\/www.eximagent.eu\/ru\/\" \/>\n<meta property=\"og:site_name\" content=\"EXIM Agent\" \/>\n<meta property=\"article:publisher\" content=\"https:\/\/www.facebook.com\/EXIM-agent-924956334261970\" \/>\n<meta property=\"article:modified_time\" content=\"2015-11-26T09:29:07+00:00\" \/>\n<meta name=\"twitter:card\" content=\"summary_large_image\" \/>\n<meta name=\"twitter:label1\" content=\"\u041f\u0440\u0438\u043c\u0435\u0440\u043d\u043e\u0435 \u0432\u0440\u0435\u043c\u044f \u0434\u043b\u044f \u0447\u0442\u0435\u043d\u0438\u044f\" \/>\n\t<meta name=\"twitter:data1\" content=\"1 \u043c\u0438\u043d\u0443\u0442\u0430\" \/>\n<script type=\"application\/ld+json\" class=\"yoast-schema-graph\">{\"@context\":\"https:\/\/schema.org\",\"@graph\":[{\"@type\":\"WebPage\",\"@id\":\"https:\/\/www.eximagent.eu\/ru\/\",\"url\":\"https:\/\/www.eximagent.eu\/ru\/\",\"name\":\"\u0413\u043b\u0430\u0432\u043d\u0430\u044f - EXIM Agent\",\"isPartOf\":{\"@id\":\"https:\/\/www.eximagent.eu\/#website\"},\"datePublished\":\"2014-06-18T03:31:14+00:00\",\"dateModified\":\"2015-11-26T09:29:07+00:00\",\"description\":\"\u042d\u043a\u0441\u043f\u043e\u0440\u0442 & \u0418\u043c\u043f\u043e\u0440\u0442 \u041f\u0440\u043e\u0444\u0435\u0441\u0441\u0438\u043e\u043d\u0430\u043b \u043a\u043e\u0442\u043e\u0440\u0433\u043e\u00a0 \u0438\u0449\u0435\u0442 \u0412\u0430\u0448\u0430 \u043a\u043e\u043c\u043f\u0430\u043d\u0438\u044f.\",\"breadcrumb\":{\"@id\":\"https:\/\/www.eximagent.eu\/ru\/#breadcrumb\"},\"inLanguage\":\"ru-RU\",\"potentialAction\":[{\"@type\":\"ReadAction\",\"target\":[\"https:\/\/www.eximagent.eu\/ru\/\"]}]},{\"@type\":\"BreadcrumbList\",\"@id\":\"https:\/\/www.eximagent.eu\/ru\/#breadcrumb\",\"itemListElement\":[{\"@type\":\"ListItem\",\"position\":1,\"name\":\"Home\",\"item\":\"https:\/\/www.eximagent.eu\/ru\/\"},{\"@type\":\"ListItem\",\"position\":2,\"name\":\"\u0413\u043b\u0430\u0432\u043d\u0430\u044f\"}]},{\"@type\":\"WebSite\",\"@id\":\"https:\/\/www.eximagent.eu\/#website\",\"url\":\"https:\/\/www.eximagent.eu\/\",\"name\":\"EXIM Agent\",\"description\":\"Import Export Agent\",\"potentialAction\":[{\"@type\":\"SearchAction\",\"target\":{\"@type\":\"EntryPoint\",\"urlTemplate\":\"https:\/\/www.eximagent.eu\/?s={search_term_string}\"},\"query-input\":{\"@type\":\"PropertyValueSpecification\",\"valueRequired\":true,\"valueName\":\"search_term_string\"}}],\"inLanguage\":\"ru-RU\"}]}<\/script>\n<!-- \/ Yoast SEO plugin. -->","yoast_head_json":{"title":"\u0413\u043b\u0430\u0432\u043d\u0430\u044f - EXIM Agent","description":"\u042d\u043a\u0441\u043f\u043e\u0440\u0442 & \u0418\u043c\u043f\u043e\u0440\u0442 \u041f\u0440\u043e\u0444\u0435\u0441\u0441\u0438\u043e\u043d\u0430\u043b \u043a\u043e\u0442\u043e\u0440\u0433\u043e\u00a0 \u0438\u0449\u0435\u0442 \u0412\u0430\u0448\u0430 \u043a\u043e\u043c\u043f\u0430\u043d\u0438\u044f.","robots":{"index":"index","follow":"follow","max-snippet":"max-snippet:-1","max-image-preview":"max-image-preview:large","max-video-preview":"max-video-preview:-1"},"canonical":"https:\/\/www.eximagent.eu\/ru\/","og_locale":"ru_RU","og_type":"article","og_title":"\u0413\u043b\u0430\u0432\u043d\u0430\u044f - EXIM Agent","og_description":"\u042d\u043a\u0441\u043f\u043e\u0440\u0442 & \u0418\u043c\u043f\u043e\u0440\u0442 \u041f\u0440\u043e\u0444\u0435\u0441\u0441\u0438\u043e\u043d\u0430\u043b \u043a\u043e\u0442\u043e\u0440\u0433\u043e\u00a0 \u0438\u0449\u0435\u0442 \u0412\u0430\u0448\u0430 \u043a\u043e\u043c\u043f\u0430\u043d\u0438\u044f.","og_url":"https:\/\/www.eximagent.eu\/ru\/","og_site_name":"EXIM Agent","article_publisher":"https:\/\/www.facebook.com\/EXIM-agent-924956334261970","article_modified_time":"2015-11-26T09:29:07+00:00","twitter_card":"summary_large_image","twitter_misc":{"\u041f\u0440\u0438\u043c\u0435\u0440\u043d\u043e\u0435 \u0432\u0440\u0435\u043c\u044f \u0434\u043b\u044f \u0447\u0442\u0435\u043d\u0438\u044f":"1 \u043c\u0438\u043d\u0443\u0442\u0430"},"schema":{"@context":"https:\/\/schema.org","@graph":[{"@type":"WebPage","@id":"https:\/\/www.eximagent.eu\/ru\/","url":"https:\/\/www.eximagent.eu\/ru\/","name":"\u0413\u043b\u0430\u0432\u043d\u0430\u044f - EXIM Agent","isPartOf":{"@id":"https:\/\/www.eximagent.eu\/#website"},"datePublished":"2014-06-18T03:31:14+00:00","dateModified":"2015-11-26T09:29:07+00:00","description":"\u042d\u043a\u0441\u043f\u043e\u0440\u0442 & \u0418\u043c\u043f\u043e\u0440\u0442 \u041f\u0440\u043e\u0444\u0435\u0441\u0441\u0438\u043e\u043d\u0430\u043b \u043a\u043e\u0442\u043e\u0440\u0433\u043e\u00a0 \u0438\u0449\u0435\u0442 \u0412\u0430\u0448\u0430 \u043a\u043e\u043c\u043f\u0430\u043d\u0438\u044f.","breadcrumb":{"@id":"https:\/\/www.eximagent.eu\/ru\/#breadcrumb"},"inLanguage":"ru-RU","potentialAction":[{"@type":"ReadAction","target":["https:\/\/www.eximagent.eu\/ru\/"]}]},{"@type":"BreadcrumbList","@id":"https:\/\/www.eximagent.eu\/ru\/#breadcrumb","itemListElement":[{"@type":"ListItem","position":1,"name":"Home","item":"https:\/\/www.eximagent.eu\/ru\/"},{"@type":"ListItem","position":2,"name":"\u0413\u043b\u0430\u0432\u043d\u0430\u044f"}]},{"@type":"WebSite","@id":"https:\/\/www.eximagent.eu\/#website","url":"https:\/\/www.eximagent.eu\/","name":"EXIM Agent","description":"Import Export Agent","potentialAction":[{"@type":"SearchAction","target":{"@type":"EntryPoint","urlTemplate":"https:\/\/www.eximagent.eu\/?s={search_term_string}"},"query-input":{"@type":"PropertyValueSpecification","valueRequired":true,"valueName":"search_term_string"}}],"inLanguage":"ru-RU"}]}},"_links":{"self":[{"href":"https:\/\/www.eximagent.eu\/ru\/wp-json\/wp\/v2\/pages\/4568","targetHints":{"allow":["GET"]}}],"collection":[{"href":"https:\/\/www.eximagent.eu\/ru\/wp-json\/wp\/v2\/pages"}],"about":[{"href":"https:\/\/www.eximagent.eu\/ru\/wp-json\/wp\/v2\/types\/page"}],"author":[{"embeddable":true,"href":"https:\/\/www.eximagent.eu\/ru\/wp-json\/wp\/v2\/users\/4"}],"replies":[{"embeddable":true,"href":"https:\/\/www.eximagent.eu\/ru\/wp-json\/wp\/v2\/comments?post=4568"}],"version-history":[{"count":0,"href":"https:\/\/www.eximagent.eu\/ru\/wp-json\/wp\/v2\/pages\/4568\/revisions"}],"wp:attachment":[{"href":"https:\/\/www.eximagent.eu\/ru\/wp-json\/wp\/v2\/media?parent=4568"}],"curies":[{"name":"wp","href":"https:\/\/api.w.org\/{rel}","templated":true}]}}